{"id":9989,"date":"2023-09-06T15:35:22","date_gmt":"2023-09-06T13:35:22","guid":{"rendered":"https:\/\/lacetra.ch\/barockorchester-basel\/mitglieder-23-24\/"},"modified":"2023-09-06T15:42:20","modified_gmt":"2023-09-06T13:42:20","slug":"members-23-24","status":"publish","type":"page","link":"https:\/\/lacetra.ch\/en\/barockorchester-basel\/members-23-24\/","title":{"rendered":"Members of La Cetra Barockorchester Basel in the season 2023\/24"},"content":{"rendered":"<div class=\"wp-block-image\">\n<figure class=\"aligncenter\" id=\"block-1a76818e-2cd8-417f-b7bb-63847979acb5\"><img decoding=\"async\" src=\"https:\/\/lacetra.ch\/wp-content\/uploads\/2020\/04\/thumb-medium_lcbo.jpg\" alt=\"Dieses Bild hat ein leeres Alt-Attribut. Der Dateiname ist thumb-medium_lcbo.jpg\"\/><\/figure>\n<\/div>\n\n\n<div style=\"height:30px\" aria-hidden=\"true\" class=\"wp-block-spacer\"><\/div>\n\n\n\n<div class=\"wp-block-columns is-layout-flex wp-container-core-columns-is-layout-9d6595d7 wp-block-columns-is-layout-flex\">\n<div class=\"wp-block-column is-layout-flow wp-block-column-is-layout-flow\">\n<div class=\"wp-block-columns is-layout-flex wp-container-core-columns-is-layout-9d6595d7 wp-block-columns-is-layout-flex\">\n<div class=\"wp-block-column is-layout-flow wp-block-column-is-layout-flow\">\n<h3 class=\"wp-block-heading\" id=\"block-bdb19f30-f746-4695-a6c2-aff959e006c6\">Violin<\/h3>\n\n\n\n<p id=\"block-9c53a0b0-3c0e-4719-924f-73ebe838af26\">* Katharina Heutjer<br>* Eva Saladin<br>* German Echeverri<br>Alexis Alberto Aguado Rodriguez<br>Sonoko Asabuki<br>Johannes Frisch<br>Lukas Hamberger<br>Petra Melicharek<br>Andres Murillo<br>Claudio Rado<br>Filip Rekiec<br>Christoph Rudolf<br>Ildik\u00f3 Sajg\u00f3<br>Cecilie Valter<br>Aliza Vicente<br>Lathika Vithanage<br>Rahel Wittling<\/p>\n\n\n\n<h3 class=\"wp-block-heading\" id=\"block-c69dd0c0-b192-41d6-8410-2995337a6d72\">Viola<\/h3>\n\n\n\n<p id=\"block-442d907a-aded-4d03-97c1-53398b51abc9\">Joanna Michalak<br>Pedro Luis &#8220;Kepa&#8221; Arteche<br>Sara Bagnati<br>Karoline Echeverri<br>Sara Gomez<br>Joanna Michalak<br>Katya Polin<br>Giovanni Simeoni<\/p>\n<\/div>\n\n\n\n<div class=\"wp-block-column is-layout-flow wp-block-column-is-layout-flow\">\n<h3 class=\"wp-block-heading\">Violoncello<\/h3>\n\n\n\n<p>Jonathan Pe\u0161ek<br>Alex Jellici<br>Am\u00e9lie Chemin<br>Johannes Kofler<br>Nicola Paoli<\/p>\n\n\n\n<h3 class=\"wp-block-heading\"><strong>Viola da Gamba<\/strong><\/h3>\n\n\n\n<p>Teodoro Ba\u00f9<br>Am\u00e9lie Chemin<\/p>\n\n\n\n<h3 class=\"wp-block-heading\">Violone \/ Doublebass<\/h3>\n\n\n\n<p>Fred Uhlig<br>Federico Abraham<br>Giacomo Albenga<\/p>\n\n\n\n<h3 class=\"wp-block-heading\">Travers flute<\/h3>\n\n\n\n<p>Karel Valter<br>Dr. Claire Genewein<\/p>\n\n\n\n<h3 class=\"wp-block-heading\">Oboe<\/h3>\n\n\n\n<p>Georg Fritz<br>Priska Comploi<br>Olga Marulanda<br>Bettina Simon<\/p>\n<\/div>\n<\/div>\n<\/div>\n\n\n\n<div class=\"wp-block-column is-layout-flow wp-block-column-is-layout-flow\">\n<div class=\"wp-block-columns is-layout-flex wp-container-core-columns-is-layout-9d6595d7 wp-block-columns-is-layout-flex\">\n<div class=\"wp-block-column is-layout-flow wp-block-column-is-layout-flow\">\n<h3 class=\"wp-block-heading\">Clarinet<\/h3>\n\n\n\n<p>Etele Dosa <br>Joan Calabuig<\/p>\n\n\n\n<h3 class=\"wp-block-heading\">Basson<\/h3>\n\n\n\n<p>Carles Cristobal<br>Letizia Viola<br>Robin Billet<br>Julia Marion<br>Giovanni Battista Graziadio<br>Claudius Kamp<\/p>\n\n\n\n<h3 class=\"wp-block-heading\">Horn<\/h3>\n\n\n\n<p>Alessandro Denabian<br>Elisa Bognetti<br>Thomas M\u00fcller<br>Alexandre Zanetta<\/p>\n\n\n\n<h3 class=\"wp-block-heading\">Trumpet<\/h3>\n\n\n\n<p>Andreas Lackner<br>Martin Sillaber<br>Thomas Steinbrucker<br>Gerd Bachmann<\/p>\n\n\n\n<h3 class=\"wp-block-heading\">Cornetto<\/h3>\n\n\n\n<p>Gebhard David<br>Josu\u00e9 Mel\u00e9ndez Pel\u00e1ez<br>Frithjof Smith<\/p>\n<\/div>\n\n\n\n<div class=\"wp-block-column is-layout-flow wp-block-column-is-layout-flow\">\n<h3 class=\"wp-block-heading\">Trombone<\/h3>\n\n\n\n<p>Simen van Mechelen<br>Henning Wiegr\u00e4be<br>Christine H\u00e4usler<br>Josephus Swinkels<br>Detlef Reimers<br>Sabine Gassner<br>Yosuke Kurihara<br>Catherine Motuz<\/p>\n\n\n\n<h3 class=\"wp-block-heading\">Timpani<\/h3>\n\n\n\n<p>Philip Tarr<\/p>\n\n\n\n<h3 class=\"wp-block-heading\">Harp<\/h3>\n\n\n\n<p>Vera Schnider<br>C\u00e9line Pasche<\/p>\n\n\n\n<h3 class=\"wp-block-heading\">Theorbo<\/h3>\n\n\n\n<p>Daniele Caminiti<br>Maria Ferr\u00e9<br>Jos\u00edas Rodr\u00edguez G\u00e1ndara<br>Lorenzo Abate<\/p>\n\n\n\n<h3 class=\"wp-block-heading\">Basso continuo<\/h3>\n\n\n\n<p>Johannes Keller<br>Andrea Buccarella<br>Sebastian Wienand<br>Joan Boronat Sanz<br>Irene Gonz\u00e1lez Rold\u00e1n<\/p>\n<\/div>\n<\/div>\n<\/div>\n<\/div>\n\n\n\n<p>* = Konzertmeister:innen<\/p>\n","protected":false},"excerpt":{"rendered":"<p>Violin * Katharina Heutjer* Eva Saladin* German EcheverriAlexis Alberto Aguado RodriguezSonoko AsabukiJohannes FrischLukas HambergerPetra MelicharekAndres MurilloClaudio RadoFilip RekiecChristoph RudolfIldik\u00f3 Sajg\u00f3Cecilie ValterAliza VicenteLathika VithanageRahel Wittling Viola Joanna MichalakPedro Luis &#8220;Kepa&#8221; ArtecheSara BagnatiKaroline EcheverriSara GomezJoanna MichalakKatya PolinGiovanni Simeoni Violoncello Jonathan Pe\u0161ekAlex JelliciAm\u00e9lie CheminJohannes KoflerNicola Paoli Viola da Gamba Teodoro Ba\u00f9Am\u00e9lie Chemin Violone \/ Doublebass Fred UhligFederico AbrahamGiacomo [&hellip;]<\/p>\n","protected":false},"author":2,"featured_media":0,"parent":8475,"menu_order":0,"comment_status":"closed","ping_status":"closed","template":"","meta":{"_acf_changed":false,"inline_featured_image":false,"footnotes":""},"categories":[],"class_list":["post-9989","page","type-page","status-publish","hentry"],"acf":[],"yoast_head":"<!-- This site is optimized with the Yoast SEO plugin v27.1.1 - https:\/\/yoast.com\/product\/yoast-seo-wordpress\/ -->\n<title>Members of La Cetra Barockorchester Basel in the season 2023\/24 &#187; La Cetra<\/title>\n<meta name=\"robots\" content=\"index, follow, max-snippet:-1, max-image-preview:large, max-video-preview:-1\" \/>\n<link rel=\"canonical\" href=\"https:\/\/lacetra.ch\/en\/barockorchester-basel\/members-23-24\/\" \/>\n<meta property=\"og:locale\" content=\"en_US\" \/>\n<meta property=\"og:type\" content=\"article\" \/>\n<meta property=\"og:title\" content=\"Members of La Cetra Barockorchester Basel in the season 2023\/24 &#187; La Cetra\" \/>\n<meta property=\"og:description\" content=\"Violin * Katharina Heutjer* Eva Saladin* German EcheverriAlexis Alberto Aguado RodriguezSonoko AsabukiJohannes FrischLukas HambergerPetra MelicharekAndres MurilloClaudio RadoFilip RekiecChristoph RudolfIldik\u00f3 Sajg\u00f3Cecilie ValterAliza VicenteLathika VithanageRahel Wittling Viola Joanna MichalakPedro Luis &#8220;Kepa&#8221; ArtecheSara BagnatiKaroline EcheverriSara GomezJoanna MichalakKatya PolinGiovanni Simeoni Violoncello Jonathan Pe\u0161ekAlex JelliciAm\u00e9lie CheminJohannes KoflerNicola Paoli Viola da Gamba Teodoro Ba\u00f9Am\u00e9lie Chemin Violone \/ Doublebass Fred UhligFederico AbrahamGiacomo [&hellip;]\" \/>\n<meta property=\"og:url\" content=\"https:\/\/lacetra.ch\/en\/barockorchester-basel\/members-23-24\/\" \/>\n<meta property=\"og:site_name\" content=\"La Cetra\" \/>\n<meta property=\"article:publisher\" content=\"https:\/\/www.facebook.com\/lacetrabasel\" \/>\n<meta property=\"article:modified_time\" content=\"2023-09-06T13:42:20+00:00\" \/>\n<meta property=\"og:image\" content=\"https:\/\/lacetra.ch\/wp-content\/uploads\/2020\/04\/thumb-medium_lcbo.jpg\" \/>\n<meta name=\"twitter:card\" content=\"summary_large_image\" \/>\n<meta name=\"twitter:site\" content=\"@LaCetraBasel\" \/>\n<meta name=\"twitter:label1\" content=\"Est. reading time\" \/>\n\t<meta name=\"twitter:data1\" content=\"2 minutes\" \/>\n<script type=\"application\/ld+json\" class=\"yoast-schema-graph\">{\"@context\":\"https:\/\/schema.org\",\"@graph\":[{\"@type\":\"WebPage\",\"@id\":\"https:\/\/lacetra.ch\/en\/barockorchester-basel\/members-23-24\/\",\"url\":\"https:\/\/lacetra.ch\/en\/barockorchester-basel\/members-23-24\/\",\"name\":\"Members of La Cetra Barockorchester Basel in the season 2023\/24 &#187; La Cetra\",\"isPartOf\":{\"@id\":\"https:\/\/lacetra.ch\/en\/#website\"},\"primaryImageOfPage\":{\"@id\":\"https:\/\/lacetra.ch\/en\/barockorchester-basel\/members-23-24\/#primaryimage\"},\"image\":{\"@id\":\"https:\/\/lacetra.ch\/en\/barockorchester-basel\/members-23-24\/#primaryimage\"},\"thumbnailUrl\":\"https:\/\/lacetra.ch\/wp-content\/uploads\/2020\/04\/thumb-medium_lcbo.jpg\",\"datePublished\":\"2023-09-06T13:35:22+00:00\",\"dateModified\":\"2023-09-06T13:42:20+00:00\",\"breadcrumb\":{\"@id\":\"https:\/\/lacetra.ch\/en\/barockorchester-basel\/members-23-24\/#breadcrumb\"},\"inLanguage\":\"en-US\",\"potentialAction\":[{\"@type\":\"ReadAction\",\"target\":[\"https:\/\/lacetra.ch\/en\/barockorchester-basel\/members-23-24\/\"]}]},{\"@type\":\"ImageObject\",\"inLanguage\":\"en-US\",\"@id\":\"https:\/\/lacetra.ch\/en\/barockorchester-basel\/members-23-24\/#primaryimage\",\"url\":\"https:\/\/lacetra.ch\/wp-content\/uploads\/2020\/04\/thumb-medium_lcbo.jpg\",\"contentUrl\":\"https:\/\/lacetra.ch\/wp-content\/uploads\/2020\/04\/thumb-medium_lcbo.jpg\"},{\"@type\":\"BreadcrumbList\",\"@id\":\"https:\/\/lacetra.ch\/en\/barockorchester-basel\/members-23-24\/#breadcrumb\",\"itemListElement\":[{\"@type\":\"ListItem\",\"position\":1,\"name\":\"Startseite\",\"item\":\"https:\/\/lacetra.ch\/en\/home\/\"},{\"@type\":\"ListItem\",\"position\":2,\"name\":\"La Cetra Barockorchester Basel\",\"item\":\"https:\/\/lacetra.ch\/en\/barockorchester-basel\/\"},{\"@type\":\"ListItem\",\"position\":3,\"name\":\"Members of La Cetra Barockorchester Basel in the season 2023\/24\"}]},{\"@type\":\"WebSite\",\"@id\":\"https:\/\/lacetra.ch\/en\/#website\",\"url\":\"https:\/\/lacetra.ch\/en\/\",\"name\":\"La Cetra\",\"description\":\"Barockorchester &amp; Vokalensemble Basel\",\"publisher\":{\"@id\":\"https:\/\/lacetra.ch\/en\/#organization\"},\"potentialAction\":[{\"@type\":\"SearchAction\",\"target\":{\"@type\":\"EntryPoint\",\"urlTemplate\":\"https:\/\/lacetra.ch\/en\/?s={search_term_string}\"},\"query-input\":{\"@type\":\"PropertyValueSpecification\",\"valueRequired\":true,\"valueName\":\"search_term_string\"}}],\"inLanguage\":\"en-US\"},{\"@type\":\"Organization\",\"@id\":\"https:\/\/lacetra.ch\/en\/#organization\",\"name\":\"La Cetra Barockorchester Basel\",\"url\":\"https:\/\/lacetra.ch\/en\/\",\"logo\":{\"@type\":\"ImageObject\",\"inLanguage\":\"en-US\",\"@id\":\"https:\/\/lacetra.ch\/en\/#\/schema\/logo\/image\/\",\"url\":\"https:\/\/lacetra.ch\/wp-content\/uploads\/2020\/04\/LaCetra_Logo_BV.svg\",\"contentUrl\":\"https:\/\/lacetra.ch\/wp-content\/uploads\/2020\/04\/LaCetra_Logo_BV.svg\",\"width\":\"1400\",\"height\":\"1400\",\"caption\":\"La Cetra Barockorchester Basel\"},\"image\":{\"@id\":\"https:\/\/lacetra.ch\/en\/#\/schema\/logo\/image\/\"},\"sameAs\":[\"https:\/\/www.facebook.com\/lacetrabasel\",\"https:\/\/x.com\/LaCetraBasel\",\"https:\/\/www.instagram.com\/lacetrabasel\/\"]}]}<\/script>\n<!-- \/ Yoast SEO plugin. -->","yoast_head_json":{"title":"Members of La Cetra Barockorchester Basel in the season 2023\/24 &#187; La Cetra","robots":{"index":"index","follow":"follow","max-snippet":"max-snippet:-1","max-image-preview":"max-image-preview:large","max-video-preview":"max-video-preview:-1"},"canonical":"https:\/\/lacetra.ch\/en\/barockorchester-basel\/members-23-24\/","og_locale":"en_US","og_type":"article","og_title":"Members of La Cetra Barockorchester Basel in the season 2023\/24 &#187; La Cetra","og_description":"Violin * Katharina Heutjer* Eva Saladin* German EcheverriAlexis Alberto Aguado RodriguezSonoko AsabukiJohannes FrischLukas HambergerPetra MelicharekAndres MurilloClaudio RadoFilip RekiecChristoph RudolfIldik\u00f3 Sajg\u00f3Cecilie ValterAliza VicenteLathika VithanageRahel Wittling Viola Joanna MichalakPedro Luis &#8220;Kepa&#8221; ArtecheSara BagnatiKaroline EcheverriSara GomezJoanna MichalakKatya PolinGiovanni Simeoni Violoncello Jonathan Pe\u0161ekAlex JelliciAm\u00e9lie CheminJohannes KoflerNicola Paoli Viola da Gamba Teodoro Ba\u00f9Am\u00e9lie Chemin Violone \/ Doublebass Fred UhligFederico AbrahamGiacomo [&hellip;]","og_url":"https:\/\/lacetra.ch\/en\/barockorchester-basel\/members-23-24\/","og_site_name":"La Cetra","article_publisher":"https:\/\/www.facebook.com\/lacetrabasel","article_modified_time":"2023-09-06T13:42:20+00:00","og_image":[{"url":"https:\/\/lacetra.ch\/wp-content\/uploads\/2020\/04\/thumb-medium_lcbo.jpg","type":"","width":"","height":""}],"twitter_card":"summary_large_image","twitter_site":"@LaCetraBasel","twitter_misc":{"Est. reading time":"2 minutes"},"schema":{"@context":"https:\/\/schema.org","@graph":[{"@type":"WebPage","@id":"https:\/\/lacetra.ch\/en\/barockorchester-basel\/members-23-24\/","url":"https:\/\/lacetra.ch\/en\/barockorchester-basel\/members-23-24\/","name":"Members of La Cetra Barockorchester Basel in the season 2023\/24 &#187; La Cetra","isPartOf":{"@id":"https:\/\/lacetra.ch\/en\/#website"},"primaryImageOfPage":{"@id":"https:\/\/lacetra.ch\/en\/barockorchester-basel\/members-23-24\/#primaryimage"},"image":{"@id":"https:\/\/lacetra.ch\/en\/barockorchester-basel\/members-23-24\/#primaryimage"},"thumbnailUrl":"https:\/\/lacetra.ch\/wp-content\/uploads\/2020\/04\/thumb-medium_lcbo.jpg","datePublished":"2023-09-06T13:35:22+00:00","dateModified":"2023-09-06T13:42:20+00:00","breadcrumb":{"@id":"https:\/\/lacetra.ch\/en\/barockorchester-basel\/members-23-24\/#breadcrumb"},"inLanguage":"en-US","potentialAction":[{"@type":"ReadAction","target":["https:\/\/lacetra.ch\/en\/barockorchester-basel\/members-23-24\/"]}]},{"@type":"ImageObject","inLanguage":"en-US","@id":"https:\/\/lacetra.ch\/en\/barockorchester-basel\/members-23-24\/#primaryimage","url":"https:\/\/lacetra.ch\/wp-content\/uploads\/2020\/04\/thumb-medium_lcbo.jpg","contentUrl":"https:\/\/lacetra.ch\/wp-content\/uploads\/2020\/04\/thumb-medium_lcbo.jpg"},{"@type":"BreadcrumbList","@id":"https:\/\/lacetra.ch\/en\/barockorchester-basel\/members-23-24\/#breadcrumb","itemListElement":[{"@type":"ListItem","position":1,"name":"Startseite","item":"https:\/\/lacetra.ch\/en\/home\/"},{"@type":"ListItem","position":2,"name":"La Cetra Barockorchester Basel","item":"https:\/\/lacetra.ch\/en\/barockorchester-basel\/"},{"@type":"ListItem","position":3,"name":"Members of La Cetra Barockorchester Basel in the season 2023\/24"}]},{"@type":"WebSite","@id":"https:\/\/lacetra.ch\/en\/#website","url":"https:\/\/lacetra.ch\/en\/","name":"La Cetra","description":"Barockorchester &amp; Vokalensemble Basel","publisher":{"@id":"https:\/\/lacetra.ch\/en\/#organization"},"potentialAction":[{"@type":"SearchAction","target":{"@type":"EntryPoint","urlTemplate":"https:\/\/lacetra.ch\/en\/?s={search_term_string}"},"query-input":{"@type":"PropertyValueSpecification","valueRequired":true,"valueName":"search_term_string"}}],"inLanguage":"en-US"},{"@type":"Organization","@id":"https:\/\/lacetra.ch\/en\/#organization","name":"La Cetra Barockorchester Basel","url":"https:\/\/lacetra.ch\/en\/","logo":{"@type":"ImageObject","inLanguage":"en-US","@id":"https:\/\/lacetra.ch\/en\/#\/schema\/logo\/image\/","url":"https:\/\/lacetra.ch\/wp-content\/uploads\/2020\/04\/LaCetra_Logo_BV.svg","contentUrl":"https:\/\/lacetra.ch\/wp-content\/uploads\/2020\/04\/LaCetra_Logo_BV.svg","width":"1400","height":"1400","caption":"La Cetra Barockorchester Basel"},"image":{"@id":"https:\/\/lacetra.ch\/en\/#\/schema\/logo\/image\/"},"sameAs":["https:\/\/www.facebook.com\/lacetrabasel","https:\/\/x.com\/LaCetraBasel","https:\/\/www.instagram.com\/lacetrabasel\/"]}]}},"_links":{"self":[{"href":"https:\/\/lacetra.ch\/en\/wp-json\/wp\/v2\/pages\/9989","targetHints":{"allow":["GET"]}}],"collection":[{"href":"https:\/\/lacetra.ch\/en\/wp-json\/wp\/v2\/pages"}],"about":[{"href":"https:\/\/lacetra.ch\/en\/wp-json\/wp\/v2\/types\/page"}],"author":[{"embeddable":true,"href":"https:\/\/lacetra.ch\/en\/wp-json\/wp\/v2\/users\/2"}],"replies":[{"embeddable":true,"href":"https:\/\/lacetra.ch\/en\/wp-json\/wp\/v2\/comments?post=9989"}],"version-history":[{"count":1,"href":"https:\/\/lacetra.ch\/en\/wp-json\/wp\/v2\/pages\/9989\/revisions"}],"predecessor-version":[{"id":9991,"href":"https:\/\/lacetra.ch\/en\/wp-json\/wp\/v2\/pages\/9989\/revisions\/9991"}],"up":[{"embeddable":true,"href":"https:\/\/lacetra.ch\/en\/wp-json\/wp\/v2\/pages\/8475"}],"wp:attachment":[{"href":"https:\/\/lacetra.ch\/en\/wp-json\/wp\/v2\/media?parent=9989"}],"wp:term":[{"taxonomy":"category","embeddable":true,"href":"https:\/\/lacetra.ch\/en\/wp-json\/wp\/v2\/categories?post=9989"}],"curies":[{"name":"wp","href":"https:\/\/api.w.org\/{rel}","templated":true}]}}