{"id":9833,"date":"2023-08-09T14:18:33","date_gmt":"2023-08-09T12:18:33","guid":{"rendered":"https:\/\/lacetra.ch\/festabarocca\/"},"modified":"2025-06-10T15:18:28","modified_gmt":"2025-06-10T13:18:28","slug":"festabarocca","status":"publish","type":"page","link":"https:\/\/lacetra.ch\/en\/vermittlung\/festabarocca\/","title":{"rendered":"Concerto Partecipativo"},"content":{"rendered":"<div class=\"wp-block-image\">\n<figure class=\"aligncenter size-full is-resized\"><img loading=\"lazy\" decoding=\"async\" width=\"462\" height=\"154\" src=\"https:\/\/lacetra.ch\/wp-content\/uploads\/2023\/09\/Concerto-participativo-schwarz-2.png\" alt=\"\" class=\"wp-image-10235\" style=\"width:342px;height:114px\" srcset=\"https:\/\/lacetra.ch\/wp-content\/uploads\/2023\/09\/Concerto-participativo-schwarz-2.png 462w, https:\/\/lacetra.ch\/wp-content\/uploads\/2023\/09\/Concerto-participativo-schwarz-2-400x133.png 400w\" sizes=\"auto, (max-width: 462px) 100vw, 462px\" \/><\/figure>\n<\/div>\n\n\n<div style=\"height:3em\" aria-hidden=\"true\" class=\"wp-block-spacer\"><\/div>\n\n\n<div class=\"wp-block-image\">\n<figure class=\"aligncenter size-large is-resized\"><img loading=\"lazy\" decoding=\"async\" width=\"1400\" height=\"933\" src=\"https:\/\/lacetra.ch\/wp-content\/uploads\/2023\/09\/DCP_3158-1400x933.jpg\" alt=\"\" class=\"wp-image-10238\" style=\"width:462px;height:308px\" srcset=\"https:\/\/lacetra.ch\/wp-content\/uploads\/2023\/09\/DCP_3158-1400x933.jpg 1400w, https:\/\/lacetra.ch\/wp-content\/uploads\/2023\/09\/DCP_3158-800x533.jpg 800w, https:\/\/lacetra.ch\/wp-content\/uploads\/2023\/09\/DCP_3158-400x267.jpg 400w, https:\/\/lacetra.ch\/wp-content\/uploads\/2023\/09\/DCP_3158-768x512.jpg 768w, https:\/\/lacetra.ch\/wp-content\/uploads\/2023\/09\/DCP_3158-1600x1067.jpg 1600w, https:\/\/lacetra.ch\/wp-content\/uploads\/2023\/09\/DCP_3158-1536x1024.jpg 1536w, https:\/\/lacetra.ch\/wp-content\/uploads\/2023\/09\/DCP_3158-2048x1365.jpg 2048w\" sizes=\"auto, (max-width: 1400px) 100vw, 1400px\" \/><\/figure>\n<\/div>\n\n\n<h2 class=\"wp-block-heading has-text-align-center\">Baroque music for everyone!<\/h2>\n\n\n\n<p>Have you always wanted to be on stage with La Cetra and immerse yourself in baroque music?<br>Are you between 12 and 99 years old and <strong>play a string instrument or recorder, baroque oboe, baroque bassoon, horn and flute<\/strong>? Or has your violin been gathering dust in the corner for a long time? Sign up alone or with friends and family members for our participatory orchestra project.<br>Join Handel Prize winner Andrea Marcon and our La Cetra musicians to perform festive music by G. F. Handel: the Concerto grosso in G major HWV 319 combined with movements from the Water Music and the Fireworks Music.<\/p>\n\n\n\n<p><\/p>\n\n\n\n<h2 class=\"wp-block-heading has-text-align-center\">Concerto partecipativo<\/h2>\n\n\n\n<h3 class=\"wp-block-heading has-text-align-center\"><strong>Information and rehearsal dates<\/strong><\/h3>\n\n\n\n<p class=\"has-text-align-center\"><strong>Saturday, 15 June 2024: 2-5 p.m.<br><\/strong>First joint meeting and information event &#8211; also for those who are still undecided! Tutti rehearsal with members of La Cetra and getting to know each other<\/p>\n\n\n\n<p class=\"has-text-align-center\"><strong>Sunday, 15 September: all-day rehearsal day<br><\/strong>with members of La Cetra, conducted by Andrea Marcon<br>Tutti and register rehearsals (under the direction of the La Cetra principals)<\/p>\n\n\n\n<p class=\"has-text-align-center\"><strong>Sunday, 22 September: all-day rehearsal day<br><\/strong>with members of La Cetra, conducted by Andrea Marcon<\/p>\n\n\n\n<p class=\"has-text-align-center\"><strong>Sunday, 13 October: all-day rehearsal day<br><\/strong>with members of La Cetra, conducted by Andrea Marcon<\/p>\n\n\n\n<p class=\"has-text-align-center\"><strong>Sunday, 20 October:<br><\/strong>Dress rehearsal &amp; at 5 pm concert in the Martinskirche Basel<\/p>\n\n\n\n<h3 class=\"wp-block-heading has-text-align-center\">Programme<\/h3>\n\n\n\n<p class=\"has-text-align-center\">G. F. H\u00e4ndel: Suite from Water Music HWV 348, 349, 350 (excerpts)<br>G. F. H\u00e4ndel: Concerto grosso op. 6 No. 1, G major, HWV 319<br>G. F. H\u00e4ndel: Fireworks Music, HWV 351<\/p>\n\n\n<div class=\"wp-block-image\">\n<figure class=\"aligncenter size-full is-resized\"><img loading=\"lazy\" decoding=\"async\" width=\"800\" height=\"800\" src=\"https:\/\/lacetra.ch\/wp-content\/uploads\/2023\/09\/una-festa-barocca.png\" alt=\"\" class=\"wp-image-10241\" style=\"width:260px;height:260px\" srcset=\"https:\/\/lacetra.ch\/wp-content\/uploads\/2023\/09\/una-festa-barocca.png 800w, https:\/\/lacetra.ch\/wp-content\/uploads\/2023\/09\/una-festa-barocca-400x400.png 400w, https:\/\/lacetra.ch\/wp-content\/uploads\/2023\/09\/una-festa-barocca-768x768.png 768w, https:\/\/lacetra.ch\/wp-content\/uploads\/2023\/09\/una-festa-barocca-150x150.png 150w\" sizes=\"auto, (max-width: 800px) 100vw, 800px\" \/><\/figure>\n<\/div>\n\n\n<div style=\"height:1.5em\" aria-hidden=\"true\" class=\"wp-block-spacer\"><\/div>\n\n\n\n<p class=\"has-text-align-center\"><strong>Playing level:<br><\/strong>Violin &amp; viola: secure mastery of 1st and 3rd position.<br>Cello: 1st to 4th position<br>Baroque bows will be provided on request (optional).<\/p>\n\n\n\n<p class=\"has-text-align-center\">Information about the wind instruments will follow.<\/p>\n\n\n\n<p class=\"has-text-align-center\">Tuning pitch: 440 Hz<\/p>\n\n\n\n<p class=\"has-text-align-center\">Participation fee for adults: 50 CHF<\/p>\n\n\n\n<p><strong>We are happy to accept pre-registrations and questions about the Concerto Partecipativo via the <a href=\"https:\/\/forms.gle\/VaDxJKbsCs8REPNZA\">registration form<\/a>.<\/strong><\/p>\n\n\n\n<p>We will be happy to answer any questions and provide further information by telephone on 061 205 33 55 or by email at <a href=\"mailto:festabarocca@lacetra.ch\">festabarocca@lacetra.ch<\/a>. Sheet music will be sent out at the beginning of 2024.<\/p>\n","protected":false},"excerpt":{"rendered":"<p>Baroque music for everyone! Have you always wanted to be on stage with La Cetra and immerse yourself in baroque music?Are you between 12 and 99 years old and play a string instrument or recorder, baroque oboe, baroque bassoon, horn and flute? Or has your violin been gathering dust in the corner for a long [&hellip;]<\/p>\n","protected":false},"author":2,"featured_media":0,"parent":14362,"menu_order":100,"comment_status":"closed","ping_status":"closed","template":"page-narrow.php","meta":{"_acf_changed":false,"inline_featured_image":false,"footnotes":""},"categories":[],"class_list":["post-9833","page","type-page","status-publish","hentry"],"acf":[],"yoast_head":"<!-- This site is optimized with the Yoast SEO plugin v27.1.1 - https:\/\/yoast.com\/product\/yoast-seo-wordpress\/ -->\n<title>Concerto Partecipativo &#187; La Cetra<\/title>\n<meta name=\"robots\" content=\"index, follow, max-snippet:-1, max-image-preview:large, max-video-preview:-1\" \/>\n<link rel=\"canonical\" href=\"https:\/\/lacetra.ch\/en\/vermittlung\/festabarocca\/\" \/>\n<meta property=\"og:locale\" content=\"en_US\" \/>\n<meta property=\"og:type\" content=\"article\" \/>\n<meta property=\"og:title\" content=\"Concerto Partecipativo &#187; La Cetra\" \/>\n<meta property=\"og:description\" content=\"Baroque music for everyone! Have you always wanted to be on stage with La Cetra and immerse yourself in baroque music?Are you between 12 and 99 years old and play a string instrument or recorder, baroque oboe, baroque bassoon, horn and flute? Or has your violin been gathering dust in the corner for a long [&hellip;]\" \/>\n<meta property=\"og:url\" content=\"https:\/\/lacetra.ch\/en\/vermittlung\/festabarocca\/\" \/>\n<meta property=\"og:site_name\" content=\"La Cetra\" \/>\n<meta property=\"article:publisher\" content=\"https:\/\/www.facebook.com\/lacetrabasel\" \/>\n<meta property=\"article:modified_time\" content=\"2025-06-10T13:18:28+00:00\" \/>\n<meta property=\"og:image\" content=\"https:\/\/lacetra.ch\/wp-content\/uploads\/2023\/09\/Concerto-participativo-schwarz-2.png\" \/>\n\t<meta property=\"og:image:width\" content=\"462\" \/>\n\t<meta property=\"og:image:height\" content=\"154\" \/>\n\t<meta property=\"og:image:type\" content=\"image\/png\" \/>\n<meta name=\"twitter:card\" content=\"summary_large_image\" \/>\n<meta name=\"twitter:site\" content=\"@LaCetraBasel\" \/>\n<meta name=\"twitter:label1\" content=\"Est. reading time\" \/>\n\t<meta name=\"twitter:data1\" content=\"3 minutes\" \/>\n<script type=\"application\/ld+json\" class=\"yoast-schema-graph\">{\"@context\":\"https:\/\/schema.org\",\"@graph\":[{\"@type\":\"WebPage\",\"@id\":\"https:\/\/lacetra.ch\/en\/vermittlung\/festabarocca\/\",\"url\":\"https:\/\/lacetra.ch\/en\/vermittlung\/festabarocca\/\",\"name\":\"Concerto Partecipativo &#187; La Cetra\",\"isPartOf\":{\"@id\":\"https:\/\/lacetra.ch\/en\/#website\"},\"primaryImageOfPage\":{\"@id\":\"https:\/\/lacetra.ch\/en\/vermittlung\/festabarocca\/#primaryimage\"},\"image\":{\"@id\":\"https:\/\/lacetra.ch\/en\/vermittlung\/festabarocca\/#primaryimage\"},\"thumbnailUrl\":\"https:\/\/lacetra.ch\/wp-content\/uploads\/2023\/09\/Concerto-participativo-schwarz-2.png\",\"datePublished\":\"2023-08-09T12:18:33+00:00\",\"dateModified\":\"2025-06-10T13:18:28+00:00\",\"breadcrumb\":{\"@id\":\"https:\/\/lacetra.ch\/en\/vermittlung\/festabarocca\/#breadcrumb\"},\"inLanguage\":\"en-US\",\"potentialAction\":[{\"@type\":\"ReadAction\",\"target\":[\"https:\/\/lacetra.ch\/en\/vermittlung\/festabarocca\/\"]}]},{\"@type\":\"ImageObject\",\"inLanguage\":\"en-US\",\"@id\":\"https:\/\/lacetra.ch\/en\/vermittlung\/festabarocca\/#primaryimage\",\"url\":\"https:\/\/lacetra.ch\/wp-content\/uploads\/2023\/09\/Concerto-participativo-schwarz-2.png\",\"contentUrl\":\"https:\/\/lacetra.ch\/wp-content\/uploads\/2023\/09\/Concerto-participativo-schwarz-2.png\"},{\"@type\":\"BreadcrumbList\",\"@id\":\"https:\/\/lacetra.ch\/en\/vermittlung\/festabarocca\/#breadcrumb\",\"itemListElement\":[{\"@type\":\"ListItem\",\"position\":1,\"name\":\"Startseite\",\"item\":\"https:\/\/lacetra.ch\/en\/home\/\"},{\"@type\":\"ListItem\",\"position\":2,\"name\":\"Concerto Partecipativo\"}]},{\"@type\":\"WebSite\",\"@id\":\"https:\/\/lacetra.ch\/en\/#website\",\"url\":\"https:\/\/lacetra.ch\/en\/\",\"name\":\"La Cetra\",\"description\":\"Barockorchester &amp; Vokalensemble Basel\",\"publisher\":{\"@id\":\"https:\/\/lacetra.ch\/en\/#organization\"},\"potentialAction\":[{\"@type\":\"SearchAction\",\"target\":{\"@type\":\"EntryPoint\",\"urlTemplate\":\"https:\/\/lacetra.ch\/en\/?s={search_term_string}\"},\"query-input\":{\"@type\":\"PropertyValueSpecification\",\"valueRequired\":true,\"valueName\":\"search_term_string\"}}],\"inLanguage\":\"en-US\"},{\"@type\":\"Organization\",\"@id\":\"https:\/\/lacetra.ch\/en\/#organization\",\"name\":\"La Cetra Barockorchester Basel\",\"url\":\"https:\/\/lacetra.ch\/en\/\",\"logo\":{\"@type\":\"ImageObject\",\"inLanguage\":\"en-US\",\"@id\":\"https:\/\/lacetra.ch\/en\/#\/schema\/logo\/image\/\",\"url\":\"https:\/\/lacetra.ch\/wp-content\/uploads\/2020\/04\/LaCetra_Logo_BV.svg\",\"contentUrl\":\"https:\/\/lacetra.ch\/wp-content\/uploads\/2020\/04\/LaCetra_Logo_BV.svg\",\"width\":\"1400\",\"height\":\"1400\",\"caption\":\"La Cetra Barockorchester Basel\"},\"image\":{\"@id\":\"https:\/\/lacetra.ch\/en\/#\/schema\/logo\/image\/\"},\"sameAs\":[\"https:\/\/www.facebook.com\/lacetrabasel\",\"https:\/\/x.com\/LaCetraBasel\",\"https:\/\/www.instagram.com\/lacetrabasel\/\"]}]}<\/script>\n<!-- \/ Yoast SEO plugin. -->","yoast_head_json":{"title":"Concerto Partecipativo &#187; La Cetra","robots":{"index":"index","follow":"follow","max-snippet":"max-snippet:-1","max-image-preview":"max-image-preview:large","max-video-preview":"max-video-preview:-1"},"canonical":"https:\/\/lacetra.ch\/en\/vermittlung\/festabarocca\/","og_locale":"en_US","og_type":"article","og_title":"Concerto Partecipativo &#187; La Cetra","og_description":"Baroque music for everyone! Have you always wanted to be on stage with La Cetra and immerse yourself in baroque music?Are you between 12 and 99 years old and play a string instrument or recorder, baroque oboe, baroque bassoon, horn and flute? Or has your violin been gathering dust in the corner for a long [&hellip;]","og_url":"https:\/\/lacetra.ch\/en\/vermittlung\/festabarocca\/","og_site_name":"La Cetra","article_publisher":"https:\/\/www.facebook.com\/lacetrabasel","article_modified_time":"2025-06-10T13:18:28+00:00","og_image":[{"width":462,"height":154,"url":"https:\/\/lacetra.ch\/wp-content\/uploads\/2023\/09\/Concerto-participativo-schwarz-2.png","type":"image\/png"}],"twitter_card":"summary_large_image","twitter_site":"@LaCetraBasel","twitter_misc":{"Est. reading time":"3 minutes"},"schema":{"@context":"https:\/\/schema.org","@graph":[{"@type":"WebPage","@id":"https:\/\/lacetra.ch\/en\/vermittlung\/festabarocca\/","url":"https:\/\/lacetra.ch\/en\/vermittlung\/festabarocca\/","name":"Concerto Partecipativo &#187; La Cetra","isPartOf":{"@id":"https:\/\/lacetra.ch\/en\/#website"},"primaryImageOfPage":{"@id":"https:\/\/lacetra.ch\/en\/vermittlung\/festabarocca\/#primaryimage"},"image":{"@id":"https:\/\/lacetra.ch\/en\/vermittlung\/festabarocca\/#primaryimage"},"thumbnailUrl":"https:\/\/lacetra.ch\/wp-content\/uploads\/2023\/09\/Concerto-participativo-schwarz-2.png","datePublished":"2023-08-09T12:18:33+00:00","dateModified":"2025-06-10T13:18:28+00:00","breadcrumb":{"@id":"https:\/\/lacetra.ch\/en\/vermittlung\/festabarocca\/#breadcrumb"},"inLanguage":"en-US","potentialAction":[{"@type":"ReadAction","target":["https:\/\/lacetra.ch\/en\/vermittlung\/festabarocca\/"]}]},{"@type":"ImageObject","inLanguage":"en-US","@id":"https:\/\/lacetra.ch\/en\/vermittlung\/festabarocca\/#primaryimage","url":"https:\/\/lacetra.ch\/wp-content\/uploads\/2023\/09\/Concerto-participativo-schwarz-2.png","contentUrl":"https:\/\/lacetra.ch\/wp-content\/uploads\/2023\/09\/Concerto-participativo-schwarz-2.png"},{"@type":"BreadcrumbList","@id":"https:\/\/lacetra.ch\/en\/vermittlung\/festabarocca\/#breadcrumb","itemListElement":[{"@type":"ListItem","position":1,"name":"Startseite","item":"https:\/\/lacetra.ch\/en\/home\/"},{"@type":"ListItem","position":2,"name":"Concerto Partecipativo"}]},{"@type":"WebSite","@id":"https:\/\/lacetra.ch\/en\/#website","url":"https:\/\/lacetra.ch\/en\/","name":"La Cetra","description":"Barockorchester &amp; Vokalensemble Basel","publisher":{"@id":"https:\/\/lacetra.ch\/en\/#organization"},"potentialAction":[{"@type":"SearchAction","target":{"@type":"EntryPoint","urlTemplate":"https:\/\/lacetra.ch\/en\/?s={search_term_string}"},"query-input":{"@type":"PropertyValueSpecification","valueRequired":true,"valueName":"search_term_string"}}],"inLanguage":"en-US"},{"@type":"Organization","@id":"https:\/\/lacetra.ch\/en\/#organization","name":"La Cetra Barockorchester Basel","url":"https:\/\/lacetra.ch\/en\/","logo":{"@type":"ImageObject","inLanguage":"en-US","@id":"https:\/\/lacetra.ch\/en\/#\/schema\/logo\/image\/","url":"https:\/\/lacetra.ch\/wp-content\/uploads\/2020\/04\/LaCetra_Logo_BV.svg","contentUrl":"https:\/\/lacetra.ch\/wp-content\/uploads\/2020\/04\/LaCetra_Logo_BV.svg","width":"1400","height":"1400","caption":"La Cetra Barockorchester Basel"},"image":{"@id":"https:\/\/lacetra.ch\/en\/#\/schema\/logo\/image\/"},"sameAs":["https:\/\/www.facebook.com\/lacetrabasel","https:\/\/x.com\/LaCetraBasel","https:\/\/www.instagram.com\/lacetrabasel\/"]}]}},"_links":{"self":[{"href":"https:\/\/lacetra.ch\/en\/wp-json\/wp\/v2\/pages\/9833","targetHints":{"allow":["GET"]}}],"collection":[{"href":"https:\/\/lacetra.ch\/en\/wp-json\/wp\/v2\/pages"}],"about":[{"href":"https:\/\/lacetra.ch\/en\/wp-json\/wp\/v2\/types\/page"}],"author":[{"embeddable":true,"href":"https:\/\/lacetra.ch\/en\/wp-json\/wp\/v2\/users\/2"}],"replies":[{"embeddable":true,"href":"https:\/\/lacetra.ch\/en\/wp-json\/wp\/v2\/comments?post=9833"}],"version-history":[{"count":6,"href":"https:\/\/lacetra.ch\/en\/wp-json\/wp\/v2\/pages\/9833\/revisions"}],"predecessor-version":[{"id":14145,"href":"https:\/\/lacetra.ch\/en\/wp-json\/wp\/v2\/pages\/9833\/revisions\/14145"}],"up":[{"embeddable":true,"href":"https:\/\/lacetra.ch\/en\/wp-json\/wp\/v2\/pages\/14362"}],"wp:attachment":[{"href":"https:\/\/lacetra.ch\/en\/wp-json\/wp\/v2\/media?parent=9833"}],"wp:term":[{"taxonomy":"category","embeddable":true,"href":"https:\/\/lacetra.ch\/en\/wp-json\/wp\/v2\/categories?post=9833"}],"curies":[{"name":"wp","href":"https:\/\/api.w.org\/{rel}","templated":true}]}}