{"id":8498,"date":"2020-02-28T14:00:47","date_gmt":"2020-02-28T13:00:47","guid":{"rendered":"https:\/\/staging.lacetra.ch\/?page_id=8498"},"modified":"2023-05-31T16:22:58","modified_gmt":"2023-05-31T14:22:58","slug":"ancora","status":"publish","type":"page","link":"https:\/\/lacetra.ch\/en\/ancora\/","title":{"rendered":"Ancora"},"content":{"rendered":"\n<h2 class=\"wp-block-heading has-text-align-center\"><strong>H\u00e4ndels Messiah \u2013 partizipativ und generationen\u00fcbergreifend<\/strong><\/h2>\n\n\n\n<p class=\"has-text-align-center\">Wir danken f\u00fcr die Unterst\u00fctzung des Projekts<\/p>\n\n\n\n<div class=\"wp-block-columns is-layout-flex wp-container-core-columns-is-layout-9d6595d7 wp-block-columns-is-layout-flex\">\n<div class=\"wp-block-column is-layout-flow wp-block-column-is-layout-flow\"><div class=\"wp-block-image\">\n<figure class=\"aligncenter size-large is-resized\"><img loading=\"lazy\" decoding=\"async\" src=\"https:\/\/lacetra.ch\/wp-content\/uploads\/2021\/11\/942AE6D0-AAD7-4770-8260-F5C7ADDB9FE7-1400x738.png\" alt=\"\" class=\"wp-image-6119\" width=\"172\" height=\"90\" srcset=\"https:\/\/lacetra.ch\/wp-content\/uploads\/2021\/11\/942AE6D0-AAD7-4770-8260-F5C7ADDB9FE7-1400x738.png 1400w, https:\/\/lacetra.ch\/wp-content\/uploads\/2021\/11\/942AE6D0-AAD7-4770-8260-F5C7ADDB9FE7-800x422.png 800w, https:\/\/lacetra.ch\/wp-content\/uploads\/2021\/11\/942AE6D0-AAD7-4770-8260-F5C7ADDB9FE7-400x211.png 400w, https:\/\/lacetra.ch\/wp-content\/uploads\/2021\/11\/942AE6D0-AAD7-4770-8260-F5C7ADDB9FE7-768x405.png 768w, https:\/\/lacetra.ch\/wp-content\/uploads\/2021\/11\/942AE6D0-AAD7-4770-8260-F5C7ADDB9FE7-1536x810.png 1536w, https:\/\/lacetra.ch\/wp-content\/uploads\/2021\/11\/942AE6D0-AAD7-4770-8260-F5C7ADDB9FE7.png 1569w\" sizes=\"auto, (max-width: 172px) 100vw, 172px\" \/><\/figure>\n<\/div><\/div>\n\n\n\n<div class=\"wp-block-column is-layout-flow wp-block-column-is-layout-flow\"><div class=\"wp-block-image\">\n<figure class=\"aligncenter size-full\"><img loading=\"lazy\" decoding=\"async\" width=\"300\" height=\"115\" src=\"https:\/\/lacetra.ch\/wp-content\/uploads\/2021\/11\/logo-dulcimer.jpg\" alt=\"\" class=\"wp-image-6167\"\/><\/figure>\n<\/div><\/div>\n<\/div>\n\n\n\n<div class=\"wp-block-columns is-layout-flex wp-container-core-columns-is-layout-9d6595d7 wp-block-columns-is-layout-flex\">\n<div class=\"wp-block-column is-layout-flow wp-block-column-is-layout-flow\">\n<p>Im Jahr 2016 hat La Cetra mit dem Vermittlungsprojekt ANCORA seinen Anker in Kleinh\u00fcningen ausgeworfen. Aus der&nbsp;<strong>Partnerschaft des La Cetra Barockorchester &amp; Vokalensemble Basel mit der Primarschule Kleinh\u00fcningen&nbsp;<\/strong>sind viele fruchtbare Begegnungen, Denkanst\u00f6sse und nicht nur musikalische Erlebnisse entstanden.&nbsp;<\/p>\n\n\n\n<p>Gleichzeitig f\u00fchrt La Cetra seit mehreren Jahren mit grossem Erfolg alle zwei Jahre in der Adventszeit H\u00e4ndels \u00ab<a href=\"https:\/\/lacetra.ch\/konzerte\/messiah-2\/\">Messiah<\/a>\u00bb als&nbsp;<strong>Concerto partecipativo&nbsp;<\/strong>in Basel auf. Dabei unterst\u00fctzen mehr als 140 begeisterte Laiens\u00e4ngerinnen und -s\u00e4nger, vorwiegend der \u00e4lteren Generation angeh\u00f6rig, das La Cetra Vokalensemble in Proben und im Konzert.&nbsp;<\/p>\n\n\n\n<p>Was liegt also n\u00e4her, als ANCORA und den \u00abMitsing\u00bb-Messiah, Sch\u00fcler und Senioren, Laien und professionelle Musiker zusammenzubringen ?&nbsp;<\/p>\n\n\n\n<p>Wir freuen uns sehr, dass unser Chor f\u00fcr die die Auff\u00fchrung im Juni 2022 zudem durch zwei Basler Primarschulch\u00f6re unterst\u00fctzt wird: Der Chor der SIS Basel und der Superar-Chor der Brunnmattschule Basel.<\/p>\n\n\n\n<p>Federico Sep\u00falveda, der Leiter des La Cetra Vokalensembles, erarbeitet mehrere Chornummern aus dem Messiah vor Ort in den Schulen gemeinsam mit den verantwortlichen Chorleitern. Anfang November fand ein grosser Wochenend-Workshop mit allen beteiligten Kindern statt, in dem sich alle kennengelernt haben und w\u00e4hrend dem intensiv gearbeitet wurde. Alle Beteiligten sind mit grossem Eifer und riesiger Begeisterung dabei!<\/p>\n<\/div>\n\n\n\n<div class=\"wp-block-column is-layout-flow wp-block-column-is-layout-flow\"><div id=\"gutenslider-0a00kx57j\" class=\"wp-block-eedee-block-gutenslider gs-frontend content-change alignnone adaptive-height arrow-style-1 arrow-position-sides arrow-mb-none arrows-lg arrows-md arrows-sm dot-style-1 dots-lg dots-md dots-sm dot-position-bottom is-position-center-center mb-none wrap-auto-height\" data-parallax-direction=\"down\" data-parallax-amount=\"1.3\" data-lg-transition=\"lg-slide\" data-hash=\"\" ><div class=\"eedee-swiper-outer\" style=\"--gutenslider-min-height: 50vh;--gutenslider-arrow-size: 30px;--gutenslider-dot-size: 25px;--gutenslider-arrow-color: #ffffff;--gutenslider-dot-color: #ffffff;--gutenslider-padding-y-mobile: 40px;--gutenslider-padding-x-mobile: 40px;--gutenslider-padding-y-tablet: 40px;--gutenslider-padding-x-tablet: 40px;--gutenslider-padding-y-desktop: 40px;--gutenslider-padding-x-desktop: 40px;--gutenslider-bg-image: url();--gutenslider-min-height-md: 50vh;--gutenslider-min-height-sm: 50vh;--gutenslider-padding-x: 40px;--gutenslider-padding-x-md: 40px;--gutenslider-padding-x-sm: 20px;--gutenslider-padding-y: 40px;--gutenslider-padding-y-md: 40px;--gutenslider-padding-y-sm: 20px;--gutenslider-arrow-size-md: 30px;--gutenslider-arrow-size-sm: 30px;--gutenslider-dot-size-md: 25px;--gutenslider-dot-size-sm: 25px;--gutenslider-arrow-bg-color: transparent;--gutenslider-arrow-hover-color: #eeeeee;--gutenslider-arrow-bg-hover-color: transparent;--gutenslider-arrow-x-offset: 10px;--gutenslider-arrow-x-offset-md: 10px;--gutenslider-arrow-x-offset-sm: 10px;--gutenslider-arrow-y-offset: 0px;--gutenslider-arrow-y-offset-md: 0px;--gutenslider-arrow-y-offset-sm: 0px;--gutenslider-arrow-x-spacing: 0px;--gutenslider-dot-y-offset: 10px;--gutenslider-dot-y-offset-md: 10px;--gutenslider-dot-y-offset-sm: 10px;--gutenslider-margin-x: 0px;--gutenslider-margin-x-md: 0px;--gutenslider-margin-x-sm: 0px;--gutenslider-margin-y: 0px;--gutenslider-margin-y-md: 0px;--gutenslider-margin-y-sm: 0px;--gutenslider-divider-top: 60px;--gutenslider-divider-bottom: 60px;--gutenslider-lightgallery-bg: #ffffff;--gutenslider-lightgallery-font: #000000;--gs-first-pos: 50% 50%;--gs-gap-vertical: var( --wp--style--gallery-gap-default, var( --gallery-block--gutter-size, var( --wp--style--block-gap, 0.5em ) ) );--gs-gap-horizontal: var( --wp--style--gallery-gap-default, var( --gallery-block--gutter-size, var( --wp--style--block-gap, 0.5em ) ) );\"><div class=\"gutenslider-divider-top\" style=\"color:#fff;\"><\/div><div class=\"swiper\" data-settings='{\"autoplay\":{\"delay\":3000,\"pauseOnMouseEnter\":true,\"disableOnInteraction\":false},\"speed\":700,\"direction\":\"horizontal\",\"autoHeight\":\"\",\"loop\":true,\"centeredSlides\":true,\"spaceBetween\":0,\"slidesPerView\":1,\"slidesPerGroup\":1,\"effect\":\"slide\",\"coverflowEffect\":{\"rotate\":30,\"slideShadows\":false,\"depth\":100,\"stretch\":50,\"modifier\":1},\"fadeEffect\":{\"crossFade\":true},\"zoom\":\"\",\"navigation\":{\"nextEl\":\"#gutenslider-0a00kx57j .eedee-gutenslider-next\",\"prevEl\":\"#gutenslider-0a00kx57j .eedee-gutenslider-prev\"},\"pagination\":{\"type\":\"bullets\",\"clickable\":true,\"dynamicBullets\":false,\"el\":\"#gutenslider-0a00kx57j .eedee-gutenslider-pagination\"},\"pauseOnHover\":\"1\",\"watchSlidesProgress\":true,\"watchSlidesVisibility\":true,\"settingsMd\":{\"autoHeight\":\"\",\"slidesPerView\":1,\"slidesPerGroup\":1,\"spaceBetween\":0,\"loop\":true},\"settingsLg\":{\"autoHeight\":\"1\",\"slidesPerView\":1,\"slidesPerGroup\":1,\"spaceBetween\":0,\"loop\":true},\"hasLg\":false,\"hasLgCounter\":true,\"isFullScreen\":false,\"arrowsFollowMouse\":false,\"lgTitle\":\"none\",\"lgCaption\":\"none\",\"lgThumbnails\":true,\"lgZoomEnabled\":false,\"keyboard\":{\"keyboard\":{\"enabled\":true,\"onlyInViewport\":true}},\"hashNavigation\":false,\"dividers\":false}'><div class=\"swiper-wrapper\">\n<div class=\"swiper-slide wp-block-eedee-block-gutenslide is-position-center-center ed-bg-image\" style=\"--ed-vw:800;--ed-vh:533;\" data-hash=\"\"><div class=\"eedee-background-div bg-image\"><img loading=\"lazy\" width=\"1280\" height=\"853\" class=\"wp-image-6170\" src=\"https:\/\/lacetra.ch\/wp-content\/uploads\/2021\/11\/Unknown-3.jpeg\" alt=\"\" decoding=\"async\" style=\"object-fit: cover; object-position: 61% 36%;\"  data-title=\"Unknown-3\" srcset=\"https:\/\/lacetra.ch\/wp-content\/uploads\/2021\/11\/Unknown-3.jpeg 1280w, https:\/\/lacetra.ch\/wp-content\/uploads\/2021\/11\/Unknown-3-800x533.jpeg 800w, https:\/\/lacetra.ch\/wp-content\/uploads\/2021\/11\/Unknown-3-400x267.jpeg 400w, https:\/\/lacetra.ch\/wp-content\/uploads\/2021\/11\/Unknown-3-768x512.jpeg 768w\" sizes=\"auto, (max-width: 1280px) 100vw, 1280px\" \/><div class=\"eedee-background-div__overlay\" style=\"opacity:1;\"><\/div><\/div><div class=\"slide-content\">\n\n<p class=\"has-text-align-center gutenslider-content-initial has-larger-font-size\"><\/p>\n\n<\/div><\/div>\n\n<div class=\"swiper-slide wp-block-eedee-block-gutenslide is-position-center-center ed-bg-image\" style=\"--ed-vw:800;--ed-vh:533;\" data-hash=\"\"><div class=\"eedee-background-div bg-image\"><img loading=\"lazy\" width=\"1280\" height=\"853\" class=\"wp-image-6172\" src=\"https:\/\/lacetra.ch\/wp-content\/uploads\/2021\/11\/Unknown.jpeg\" alt=\"\" decoding=\"async\" style=\"object-fit: cover; object-position: 50% 50%;\"  data-title=\"Unknown\" srcset=\"https:\/\/lacetra.ch\/wp-content\/uploads\/2021\/11\/Unknown.jpeg 1280w, https:\/\/lacetra.ch\/wp-content\/uploads\/2021\/11\/Unknown-800x533.jpeg 800w, https:\/\/lacetra.ch\/wp-content\/uploads\/2021\/11\/Unknown-400x267.jpeg 400w, https:\/\/lacetra.ch\/wp-content\/uploads\/2021\/11\/Unknown-768x512.jpeg 768w\" sizes=\"auto, (max-width: 1280px) 100vw, 1280px\" \/><div class=\"eedee-background-div__overlay\" style=\"opacity:1;\"><\/div><\/div><div class=\"slide-content\">\n\n<p class=\"has-text-align-center gutenslider-content-initial has-larger-font-size\"><\/p>\n\n<\/div><\/div>\n\n<div class=\"swiper-slide wp-block-eedee-block-gutenslide is-position-center-center ed-bg-image\" style=\"--ed-vw:800;--ed-vh:600;\" data-hash=\"\"><div class=\"eedee-background-div bg-image\"><img loading=\"lazy\" width=\"1280\" height=\"960\" class=\"wp-image-6174\" src=\"https:\/\/lacetra.ch\/wp-content\/uploads\/2021\/11\/Unknown-4.jpeg\" alt=\"\" decoding=\"async\" style=\"object-fit: cover; object-position: 50% 50%;\"  data-title=\"Unknown-4\" srcset=\"https:\/\/lacetra.ch\/wp-content\/uploads\/2021\/11\/Unknown-4.jpeg 1280w, https:\/\/lacetra.ch\/wp-content\/uploads\/2021\/11\/Unknown-4-800x600.jpeg 800w, https:\/\/lacetra.ch\/wp-content\/uploads\/2021\/11\/Unknown-4-400x300.jpeg 400w, https:\/\/lacetra.ch\/wp-content\/uploads\/2021\/11\/Unknown-4-768x576.jpeg 768w\" sizes=\"auto, (max-width: 1280px) 100vw, 1280px\" \/><div class=\"eedee-background-div__overlay\" style=\"opacity:1;\"><\/div><\/div><div class=\"slide-content\">\n\n<p class=\"has-text-align-center gutenslider-content-initial has-larger-font-size\"><\/p>\n\n<\/div><\/div>\n\n<div class=\"swiper-slide wp-block-eedee-block-gutenslide is-position-center-center ed-bg-image\" style=\"--ed-vw:800;--ed-vh:533;\" data-hash=\"\"><div class=\"eedee-background-div bg-image\"><img loading=\"lazy\" width=\"1280\" height=\"853\" class=\"wp-image-6176\" src=\"https:\/\/lacetra.ch\/wp-content\/uploads\/2021\/11\/Unknown-1.jpeg\" alt=\"\" decoding=\"async\" style=\"object-fit: cover; object-position: 50% 50%;\"  data-title=\"Unknown-1\" srcset=\"https:\/\/lacetra.ch\/wp-content\/uploads\/2021\/11\/Unknown-1.jpeg 1280w, https:\/\/lacetra.ch\/wp-content\/uploads\/2021\/11\/Unknown-1-800x533.jpeg 800w, https:\/\/lacetra.ch\/wp-content\/uploads\/2021\/11\/Unknown-1-400x267.jpeg 400w, https:\/\/lacetra.ch\/wp-content\/uploads\/2021\/11\/Unknown-1-768x512.jpeg 768w\" sizes=\"auto, (max-width: 1280px) 100vw, 1280px\" \/><div class=\"eedee-background-div__overlay\" style=\"opacity:1;\"><\/div><\/div><div class=\"slide-content\">\n\n<p class=\"has-text-align-center gutenslider-content-initial has-larger-font-size\"><\/p>\n\n<\/div><\/div>\n\n<div class=\"swiper-slide wp-block-eedee-block-gutenslide is-position-center-center ed-bg-image\" style=\"--ed-vw:800;--ed-vh:533;\" data-hash=\"\"><div class=\"eedee-background-div bg-image\"><img loading=\"lazy\" width=\"1280\" height=\"853\" class=\"wp-image-6178\" src=\"https:\/\/lacetra.ch\/wp-content\/uploads\/2021\/11\/Unknown-2.jpeg\" alt=\"\" decoding=\"async\" style=\"object-fit: cover; object-position: 50% 50%;\"  data-title=\"Unknown-2\" srcset=\"https:\/\/lacetra.ch\/wp-content\/uploads\/2021\/11\/Unknown-2.jpeg 1280w, https:\/\/lacetra.ch\/wp-content\/uploads\/2021\/11\/Unknown-2-800x533.jpeg 800w, https:\/\/lacetra.ch\/wp-content\/uploads\/2021\/11\/Unknown-2-400x267.jpeg 400w, https:\/\/lacetra.ch\/wp-content\/uploads\/2021\/11\/Unknown-2-768x512.jpeg 768w\" sizes=\"auto, (max-width: 1280px) 100vw, 1280px\" \/><div class=\"eedee-background-div__overlay\" style=\"opacity:1;\"><\/div><\/div><div class=\"slide-content\">\n\n<p class=\"has-text-align-center gutenslider-content-initial has-larger-font-size\"><\/p>\n\n<\/div><\/div>\n<\/div><\/div><button class=\"eedee-gutenslider-nav eedee-gutenslider-prev\"><svg xmlns=\"http:\/\/www.w3.org\/2000\/svg\" viewBox=\"0 0 24 24\" width=\"24\" height=\"24\"><circle class=\"bg\" cx=\"13\" cy=\"12\" r=\"11\" \/><path fill=\"none\" d=\"M0 0h24v24H0z\"\/><path class=\"arrow\" d=\"M10.828 12l4.95 4.95-1.414 1.414L8 12l6.364-6.364 1.414 1.414z\"\/><\/svg><\/button><button class=\"eedee-gutenslider-nav eedee-gutenslider-next\"><svg xmlns=\"http:\/\/www.w3.org\/2000\/svg\" viewBox=\"0 0 24 24\" width=\"24\" height=\"24\"><circle class=\"bg\" cx=\"11\" cy=\"12\" r=\"11\" \/><path fill=\"none\" d=\"M0 0h24v24H0z\"\/><path class=\"arrow\" d=\"M13.172 12l-4.95-4.95 1.414-1.414L16 12l-6.364 6.364-1.414-1.414z\"\/><\/svg><\/button><div class=\"eedee-gutenslider-pagination\"><\/div><div class=\"gutenslider-divider-bottom \" style=\"color:#fff;\"><\/div><\/div><\/div><\/div>\n<\/div>\n","protected":false},"excerpt":{"rendered":"<p>H\u00e4ndels Messiah \u2013 partizipativ und generationen\u00fcbergreifend Wir danken f\u00fcr die Unterst\u00fctzung des Projekts Im Jahr 2016 hat La Cetra mit dem Vermittlungsprojekt ANCORA seinen Anker in Kleinh\u00fcningen ausgeworfen. Aus der&nbsp;Partnerschaft des La Cetra Barockorchester &amp; Vokalensemble Basel mit der Primarschule Kleinh\u00fcningen&nbsp;sind viele fruchtbare Begegnungen, Denkanst\u00f6sse und nicht nur musikalische Erlebnisse entstanden.&nbsp; Gleichzeitig f\u00fchrt La Cetra [&hellip;]<\/p>\n","protected":false},"author":1,"featured_media":0,"parent":0,"menu_order":16,"comment_status":"closed","ping_status":"closed","template":"","meta":{"_acf_changed":false,"inline_featured_image":false,"footnotes":""},"categories":[],"class_list":["post-8498","page","type-page","status-publish","hentry"],"acf":[],"yoast_head":"<!-- This site is optimized with the Yoast SEO plugin v27.1.1 - https:\/\/yoast.com\/product\/yoast-seo-wordpress\/ -->\n<title>Ancora &#187; La Cetra<\/title>\n<meta name=\"robots\" content=\"index, follow, max-snippet:-1, max-image-preview:large, max-video-preview:-1\" \/>\n<link rel=\"canonical\" href=\"https:\/\/lacetra.ch\/en\/ancora\/\" \/>\n<meta property=\"og:locale\" content=\"en_US\" \/>\n<meta property=\"og:type\" content=\"article\" \/>\n<meta property=\"og:title\" content=\"Ancora &#187; La Cetra\" \/>\n<meta property=\"og:description\" content=\"H\u00e4ndels Messiah \u2013 partizipativ und generationen\u00fcbergreifend Wir danken f\u00fcr die Unterst\u00fctzung des Projekts Im Jahr 2016 hat La Cetra mit dem Vermittlungsprojekt ANCORA seinen Anker in Kleinh\u00fcningen ausgeworfen. Aus der&nbsp;Partnerschaft des La Cetra Barockorchester &amp; Vokalensemble Basel mit der Primarschule Kleinh\u00fcningen&nbsp;sind viele fruchtbare Begegnungen, Denkanst\u00f6sse und nicht nur musikalische Erlebnisse entstanden.&nbsp; Gleichzeitig f\u00fchrt La Cetra [&hellip;]\" \/>\n<meta property=\"og:url\" content=\"https:\/\/lacetra.ch\/en\/ancora\/\" \/>\n<meta property=\"og:site_name\" content=\"La Cetra\" \/>\n<meta property=\"article:publisher\" content=\"https:\/\/www.facebook.com\/lacetrabasel\" \/>\n<meta property=\"article:modified_time\" content=\"2023-05-31T14:22:58+00:00\" \/>\n<meta property=\"og:image\" content=\"https:\/\/lacetra.ch\/wp-content\/uploads\/2021\/11\/942AE6D0-AAD7-4770-8260-F5C7ADDB9FE7-1400x738.png\" \/>\n<meta name=\"twitter:card\" content=\"summary_large_image\" \/>\n<meta name=\"twitter:site\" content=\"@LaCetraBasel\" \/>\n<meta name=\"twitter:label1\" content=\"Est. reading time\" \/>\n\t<meta name=\"twitter:data1\" content=\"2 minutes\" \/>\n<script type=\"application\/ld+json\" class=\"yoast-schema-graph\">{\"@context\":\"https:\/\/schema.org\",\"@graph\":[{\"@type\":\"WebPage\",\"@id\":\"https:\/\/lacetra.ch\/en\/ancora\/\",\"url\":\"https:\/\/lacetra.ch\/en\/ancora\/\",\"name\":\"Ancora &#187; La Cetra\",\"isPartOf\":{\"@id\":\"https:\/\/lacetra.ch\/en\/#website\"},\"primaryImageOfPage\":{\"@id\":\"https:\/\/lacetra.ch\/en\/ancora\/#primaryimage\"},\"image\":{\"@id\":\"https:\/\/lacetra.ch\/en\/ancora\/#primaryimage\"},\"thumbnailUrl\":\"https:\/\/lacetra.ch\/wp-content\/uploads\/2021\/11\/942AE6D0-AAD7-4770-8260-F5C7ADDB9FE7-1400x738.png\",\"datePublished\":\"2020-02-28T13:00:47+00:00\",\"dateModified\":\"2023-05-31T14:22:58+00:00\",\"breadcrumb\":{\"@id\":\"https:\/\/lacetra.ch\/en\/ancora\/#breadcrumb\"},\"inLanguage\":\"en-US\",\"potentialAction\":[{\"@type\":\"ReadAction\",\"target\":[\"https:\/\/lacetra.ch\/en\/ancora\/\"]}]},{\"@type\":\"ImageObject\",\"inLanguage\":\"en-US\",\"@id\":\"https:\/\/lacetra.ch\/en\/ancora\/#primaryimage\",\"url\":\"https:\/\/lacetra.ch\/wp-content\/uploads\/2021\/11\/942AE6D0-AAD7-4770-8260-F5C7ADDB9FE7-1400x738.png\",\"contentUrl\":\"https:\/\/lacetra.ch\/wp-content\/uploads\/2021\/11\/942AE6D0-AAD7-4770-8260-F5C7ADDB9FE7-1400x738.png\"},{\"@type\":\"BreadcrumbList\",\"@id\":\"https:\/\/lacetra.ch\/en\/ancora\/#breadcrumb\",\"itemListElement\":[{\"@type\":\"ListItem\",\"position\":1,\"name\":\"Startseite\",\"item\":\"https:\/\/lacetra.ch\/en\/home\/\"},{\"@type\":\"ListItem\",\"position\":2,\"name\":\"Ancora\"}]},{\"@type\":\"WebSite\",\"@id\":\"https:\/\/lacetra.ch\/en\/#website\",\"url\":\"https:\/\/lacetra.ch\/en\/\",\"name\":\"La Cetra\",\"description\":\"Barockorchester &amp; Vokalensemble Basel\",\"publisher\":{\"@id\":\"https:\/\/lacetra.ch\/en\/#organization\"},\"potentialAction\":[{\"@type\":\"SearchAction\",\"target\":{\"@type\":\"EntryPoint\",\"urlTemplate\":\"https:\/\/lacetra.ch\/en\/?s={search_term_string}\"},\"query-input\":{\"@type\":\"PropertyValueSpecification\",\"valueRequired\":true,\"valueName\":\"search_term_string\"}}],\"inLanguage\":\"en-US\"},{\"@type\":\"Organization\",\"@id\":\"https:\/\/lacetra.ch\/en\/#organization\",\"name\":\"La Cetra Barockorchester Basel\",\"url\":\"https:\/\/lacetra.ch\/en\/\",\"logo\":{\"@type\":\"ImageObject\",\"inLanguage\":\"en-US\",\"@id\":\"https:\/\/lacetra.ch\/en\/#\/schema\/logo\/image\/\",\"url\":\"https:\/\/lacetra.ch\/wp-content\/uploads\/2020\/04\/LaCetra_Logo_BV.svg\",\"contentUrl\":\"https:\/\/lacetra.ch\/wp-content\/uploads\/2020\/04\/LaCetra_Logo_BV.svg\",\"width\":\"1400\",\"height\":\"1400\",\"caption\":\"La Cetra Barockorchester Basel\"},\"image\":{\"@id\":\"https:\/\/lacetra.ch\/en\/#\/schema\/logo\/image\/\"},\"sameAs\":[\"https:\/\/www.facebook.com\/lacetrabasel\",\"https:\/\/x.com\/LaCetraBasel\",\"https:\/\/www.instagram.com\/lacetrabasel\/\"]}]}<\/script>\n<!-- \/ Yoast SEO plugin. -->","yoast_head_json":{"title":"Ancora &#187; La Cetra","robots":{"index":"index","follow":"follow","max-snippet":"max-snippet:-1","max-image-preview":"max-image-preview:large","max-video-preview":"max-video-preview:-1"},"canonical":"https:\/\/lacetra.ch\/en\/ancora\/","og_locale":"en_US","og_type":"article","og_title":"Ancora &#187; La Cetra","og_description":"H\u00e4ndels Messiah \u2013 partizipativ und generationen\u00fcbergreifend Wir danken f\u00fcr die Unterst\u00fctzung des Projekts Im Jahr 2016 hat La Cetra mit dem Vermittlungsprojekt ANCORA seinen Anker in Kleinh\u00fcningen ausgeworfen. Aus der&nbsp;Partnerschaft des La Cetra Barockorchester &amp; Vokalensemble Basel mit der Primarschule Kleinh\u00fcningen&nbsp;sind viele fruchtbare Begegnungen, Denkanst\u00f6sse und nicht nur musikalische Erlebnisse entstanden.&nbsp; Gleichzeitig f\u00fchrt La Cetra [&hellip;]","og_url":"https:\/\/lacetra.ch\/en\/ancora\/","og_site_name":"La Cetra","article_publisher":"https:\/\/www.facebook.com\/lacetrabasel","article_modified_time":"2023-05-31T14:22:58+00:00","og_image":[{"url":"https:\/\/lacetra.ch\/wp-content\/uploads\/2021\/11\/942AE6D0-AAD7-4770-8260-F5C7ADDB9FE7-1400x738.png","type":"","width":"","height":""}],"twitter_card":"summary_large_image","twitter_site":"@LaCetraBasel","twitter_misc":{"Est. reading time":"2 minutes"},"schema":{"@context":"https:\/\/schema.org","@graph":[{"@type":"WebPage","@id":"https:\/\/lacetra.ch\/en\/ancora\/","url":"https:\/\/lacetra.ch\/en\/ancora\/","name":"Ancora &#187; La Cetra","isPartOf":{"@id":"https:\/\/lacetra.ch\/en\/#website"},"primaryImageOfPage":{"@id":"https:\/\/lacetra.ch\/en\/ancora\/#primaryimage"},"image":{"@id":"https:\/\/lacetra.ch\/en\/ancora\/#primaryimage"},"thumbnailUrl":"https:\/\/lacetra.ch\/wp-content\/uploads\/2021\/11\/942AE6D0-AAD7-4770-8260-F5C7ADDB9FE7-1400x738.png","datePublished":"2020-02-28T13:00:47+00:00","dateModified":"2023-05-31T14:22:58+00:00","breadcrumb":{"@id":"https:\/\/lacetra.ch\/en\/ancora\/#breadcrumb"},"inLanguage":"en-US","potentialAction":[{"@type":"ReadAction","target":["https:\/\/lacetra.ch\/en\/ancora\/"]}]},{"@type":"ImageObject","inLanguage":"en-US","@id":"https:\/\/lacetra.ch\/en\/ancora\/#primaryimage","url":"https:\/\/lacetra.ch\/wp-content\/uploads\/2021\/11\/942AE6D0-AAD7-4770-8260-F5C7ADDB9FE7-1400x738.png","contentUrl":"https:\/\/lacetra.ch\/wp-content\/uploads\/2021\/11\/942AE6D0-AAD7-4770-8260-F5C7ADDB9FE7-1400x738.png"},{"@type":"BreadcrumbList","@id":"https:\/\/lacetra.ch\/en\/ancora\/#breadcrumb","itemListElement":[{"@type":"ListItem","position":1,"name":"Startseite","item":"https:\/\/lacetra.ch\/en\/home\/"},{"@type":"ListItem","position":2,"name":"Ancora"}]},{"@type":"WebSite","@id":"https:\/\/lacetra.ch\/en\/#website","url":"https:\/\/lacetra.ch\/en\/","name":"La Cetra","description":"Barockorchester &amp; Vokalensemble Basel","publisher":{"@id":"https:\/\/lacetra.ch\/en\/#organization"},"potentialAction":[{"@type":"SearchAction","target":{"@type":"EntryPoint","urlTemplate":"https:\/\/lacetra.ch\/en\/?s={search_term_string}"},"query-input":{"@type":"PropertyValueSpecification","valueRequired":true,"valueName":"search_term_string"}}],"inLanguage":"en-US"},{"@type":"Organization","@id":"https:\/\/lacetra.ch\/en\/#organization","name":"La Cetra Barockorchester Basel","url":"https:\/\/lacetra.ch\/en\/","logo":{"@type":"ImageObject","inLanguage":"en-US","@id":"https:\/\/lacetra.ch\/en\/#\/schema\/logo\/image\/","url":"https:\/\/lacetra.ch\/wp-content\/uploads\/2020\/04\/LaCetra_Logo_BV.svg","contentUrl":"https:\/\/lacetra.ch\/wp-content\/uploads\/2020\/04\/LaCetra_Logo_BV.svg","width":"1400","height":"1400","caption":"La Cetra Barockorchester Basel"},"image":{"@id":"https:\/\/lacetra.ch\/en\/#\/schema\/logo\/image\/"},"sameAs":["https:\/\/www.facebook.com\/lacetrabasel","https:\/\/x.com\/LaCetraBasel","https:\/\/www.instagram.com\/lacetrabasel\/"]}]}},"_links":{"self":[{"href":"https:\/\/lacetra.ch\/en\/wp-json\/wp\/v2\/pages\/8498","targetHints":{"allow":["GET"]}}],"collection":[{"href":"https:\/\/lacetra.ch\/en\/wp-json\/wp\/v2\/pages"}],"about":[{"href":"https:\/\/lacetra.ch\/en\/wp-json\/wp\/v2\/types\/page"}],"author":[{"embeddable":true,"href":"https:\/\/lacetra.ch\/en\/wp-json\/wp\/v2\/users\/1"}],"replies":[{"embeddable":true,"href":"https:\/\/lacetra.ch\/en\/wp-json\/wp\/v2\/comments?post=8498"}],"version-history":[{"count":1,"href":"https:\/\/lacetra.ch\/en\/wp-json\/wp\/v2\/pages\/8498\/revisions"}],"predecessor-version":[{"id":8499,"href":"https:\/\/lacetra.ch\/en\/wp-json\/wp\/v2\/pages\/8498\/revisions\/8499"}],"wp:attachment":[{"href":"https:\/\/lacetra.ch\/en\/wp-json\/wp\/v2\/media?parent=8498"}],"wp:term":[{"taxonomy":"category","embeddable":true,"href":"https:\/\/lacetra.ch\/en\/wp-json\/wp\/v2\/categories?post=8498"}],"curies":[{"name":"wp","href":"https:\/\/api.w.org\/{rel}","templated":true}]}}