{"id":2485,"date":"2020-09-02T15:26:27","date_gmt":"2020-09-02T13:26:27","guid":{"rendered":"https:\/\/lacetra.ch\/?page_id=2485"},"modified":"2022-10-19T15:38:25","modified_gmt":"2022-10-19T13:38:25","slug":"vespro-aufnahme","status":"publish","type":"page","link":"https:\/\/lacetra.ch\/en\/vespro-aufnahme\/","title":{"rendered":"CD-Aufnahme \u00abVespro di Natale\u00bb"},"content":{"rendered":"\n<div class=\"wp-block-columns is-layout-flex wp-container-core-columns-is-layout-9d6595d7 wp-block-columns-is-layout-flex\">\n<div class=\"wp-block-column is-layout-flow wp-block-column-is-layout-flow\" style=\"flex-basis:33.33%\">\n<figure class=\"wp-block-image size-large\"><a href=\"https:\/\/lacetra.ch\/zur-vespro-di-natale\/\"><img loading=\"lazy\" decoding=\"async\" width=\"987\" height=\"1400\" src=\"https:\/\/lacetra.ch\/wp-content\/uploads\/2020\/09\/Vespro-Fundraising-987x1400.png\" alt=\"\" class=\"wp-image-2497\" srcset=\"https:\/\/lacetra.ch\/wp-content\/uploads\/2020\/09\/Vespro-Fundraising-987x1400.png 987w, https:\/\/lacetra.ch\/wp-content\/uploads\/2020\/09\/Vespro-Fundraising-564x800.png 564w, https:\/\/lacetra.ch\/wp-content\/uploads\/2020\/09\/Vespro-Fundraising-282x400.png 282w, https:\/\/lacetra.ch\/wp-content\/uploads\/2020\/09\/Vespro-Fundraising-768x1089.png 768w, https:\/\/lacetra.ch\/wp-content\/uploads\/2020\/09\/Vespro-Fundraising-1083x1536.png 1083w, https:\/\/lacetra.ch\/wp-content\/uploads\/2020\/09\/Vespro-Fundraising.png 1114w\" sizes=\"auto, (max-width: 987px) 100vw, 987px\" \/><\/a><\/figure>\n<\/div>\n\n\n\n<div class=\"wp-block-column is-layout-flow wp-block-column-is-layout-flow\" style=\"flex-basis:66.66%\">\n<h3 class=\"wp-block-heading\">Verehrte Freunde von La Cetra!<\/h3>\n\n\n\n<p>Nun ist es endlich soweit: Andrea Marcon und La Cetra nehmen im August 2021 (urspr\u00fcnglich Dezember 2020, musste verschoben werden wegen Covid19-Pandemie, mehr dazu <a href=\"https:\/\/lacetra.ch\/aufnahme-vespro-di-natale-verschoben\/\" target=\"_blank\" rel=\"noreferrer noopener\">hier<\/a>)  die \u00abVespro di Natale\u00bb auf CD auf.\u00a0Lassen Sie sich verzaubern durch den strahlenden Klang von Barockposaunen, Zinken, Streichern und dem gross besetzten La Cetra Vokalensemble.<\/p>\n\n\n\n<p>Maestro Andrea Marcon erl\u00e4utert Ihnen unser Vorhaben:&nbsp;<\/p>\n\n\n\n<figure class=\"wp-block-embed is-type-video is-provider-youtube wp-block-embed-youtube\"><div style=\"display: contents;\" >\n\n<div data-mode=\"normal\" data-oembed=\"1\" data-provider=\"youtube\" id=\"arve-youtube-sehjt1gfglu\" class=\"arve\">\n\t<div class=\"arve-inner\">\n\t\t<div class=\"arve-embed arve-embed--has-aspect-ratio\">\n\t\t\t<div class=\"arve-ar\" style=\"padding-top:56.250000%\"><\/div>\n\t\t\t<iframe allow=\"accelerometer &apos;none&apos;;autoplay &apos;none&apos;;bluetooth &apos;none&apos;;browsing-topics &apos;none&apos;;camera &apos;none&apos;;clipboard-read &apos;none&apos;;clipboard-write;display-capture &apos;none&apos;;encrypted-media &apos;none&apos;;gamepad &apos;none&apos;;geolocation &apos;none&apos;;gyroscope &apos;none&apos;;hid &apos;none&apos;;identity-credentials-get &apos;none&apos;;idle-detection &apos;none&apos;;keyboard-map &apos;none&apos;;local-fonts;magnetometer &apos;none&apos;;microphone &apos;none&apos;;midi &apos;none&apos;;otp-credentials &apos;none&apos;;payment &apos;none&apos;;picture-in-picture;publickey-credentials-create &apos;none&apos;;publickey-credentials-get &apos;none&apos;;screen-wake-lock &apos;none&apos;;serial &apos;none&apos;;summarizer &apos;none&apos;;sync-xhr;usb &apos;none&apos;;web-share;window-management &apos;none&apos;;xr-spatial-tracking &apos;none&apos;;\" allowfullscreen=\"\" class=\"arve-iframe fitvidsignore\" credentialless data-arve=\"arve-youtube-sehjt1gfglu\" data-lenis-prevent=\"\" data-src-no-ap=\"https:\/\/www.youtube-nocookie.com\/embed\/sehjT1GfglU?feature=oembed&amp;iv_load_policy=3&amp;modestbranding=1&amp;rel=0&amp;autohide=1&amp;playsinline=0&amp;autoplay=0\" frameborder=\"0\" height=\"0\" loading=\"lazy\" name=\"\" referrerpolicy=\"strict-origin-when-cross-origin\" sandbox=\"allow-scripts allow-same-origin allow-presentation allow-popups allow-popups-to-escape-sandbox\" scrolling=\"no\" src=\"https:\/\/www.youtube-nocookie.com\/embed\/sehjT1GfglU?feature=oembed&#038;iv_load_policy=3&#038;modestbranding=1&#038;rel=0&#038;autohide=1&#038;playsinline=0&#038;autoplay=0\" title=\"\" width=\"0\"><\/iframe>\n\t\t\t\n\t\t<\/div>\n\t\t\n\t<\/div>\n\t\n\t\n\t<script type=\"application\/ld+json\">{\"@context\":\"http:\\\/\\\/schema.org\\\/\",\"@id\":\"https:\\\/\\\/lacetra.ch\\\/en\\\/vespro-aufnahme\\\/#arve-youtube-sehjt1gfglu\",\"type\":\"VideoObject\",\"embedURL\":\"https:\\\/\\\/www.youtube-nocookie.com\\\/embed\\\/sehjT1GfglU?feature=oembed&iv_load_policy=3&modestbranding=1&rel=0&autohide=1&playsinline=0&autoplay=0\"}<\/script>\n\t\n<\/div>\n<\/div><\/figure>\n\n\n\n<p>Basis f\u00fcr den aufsehenerregend authentischen Klang dieser Aufnahme ist die einzigartige, rekonstruierte venezianische Renaissance-Orgel der Kirche Santa Caterina in Treviso. Insgesamt 40 Instrumentalisten, S\u00e4nger und S\u00e4ngerinnen vermitteln die Pracht dieser\u00a0Musik.\u00a0Tauchen Sie mit der von Andrea Marcon zusammengestellten Weihnachtsvesper mitten hinein ins weihnachtliche Venedig an der Schwelle zum Barock!<\/p>\n\n\n\n<p>Mittlerweile ist das grosse Projekt beendet und wir warten gespannt auf die Fertigstellung der CD. Melden Sie sich auf unserem <a href=\"https:\/\/lacetra.ch\/newsletter\/\">Newsletter<\/a> an, um direkt Nachricht zu bekommen, wenn die CD erscheint.<\/p>\n\n\n\n<figure class=\"wp-block-image size-large\"><img loading=\"lazy\" decoding=\"async\" width=\"1400\" height=\"1050\" src=\"https:\/\/lacetra.ch\/wp-content\/uploads\/2021\/09\/IMG_1054-1400x1050.jpeg\" alt=\"\" class=\"wp-image-5751\" srcset=\"https:\/\/lacetra.ch\/wp-content\/uploads\/2021\/09\/IMG_1054-1400x1050.jpeg 1400w, https:\/\/lacetra.ch\/wp-content\/uploads\/2021\/09\/IMG_1054-800x600.jpeg 800w, https:\/\/lacetra.ch\/wp-content\/uploads\/2021\/09\/IMG_1054-400x300.jpeg 400w, https:\/\/lacetra.ch\/wp-content\/uploads\/2021\/09\/IMG_1054-768x576.jpeg 768w, https:\/\/lacetra.ch\/wp-content\/uploads\/2021\/09\/IMG_1054-1536x1152.jpeg 1536w, https:\/\/lacetra.ch\/wp-content\/uploads\/2021\/09\/IMG_1054-2048x1536.jpeg 2048w\" sizes=\"auto, (max-width: 1400px) 100vw, 1400px\" \/><\/figure>\n\n\n\n<figure class=\"wp-block-image size-large\"><img loading=\"lazy\" decoding=\"async\" width=\"1345\" height=\"961\" src=\"https:\/\/lacetra.ch\/wp-content\/uploads\/2021\/09\/Unknown-1.png\" alt=\"\" class=\"wp-image-5757\" srcset=\"https:\/\/lacetra.ch\/wp-content\/uploads\/2021\/09\/Unknown-1.png 1345w, https:\/\/lacetra.ch\/wp-content\/uploads\/2021\/09\/Unknown-1-800x572.png 800w, https:\/\/lacetra.ch\/wp-content\/uploads\/2021\/09\/Unknown-1-400x286.png 400w, https:\/\/lacetra.ch\/wp-content\/uploads\/2021\/09\/Unknown-1-768x549.png 768w\" sizes=\"auto, (max-width: 1345px) 100vw, 1345px\" \/><\/figure>\n\n\n\n<hr class=\"wp-block-separator\"\/>\n\n\n\n<h3 class=\"wp-block-heading\">Sie k\u00f6nnen dieses einzigartige Projekt immer noch unterst\u00fctzen!<\/h3>\n\n\n\n<p><strong>Die Spendenh\u00f6he ist frei, jede Spende willkommen!<\/strong><\/p>\n\n\n\n<ul class=\"wp-block-list\" id=\"block-81730eac-fd4c-423f-920a-06ce2176a05e\"><li>Ab&nbsp;<strong>100 CHF&nbsp;<\/strong>erhalten Sie eine von Andrea Marcon signierte Doppel-CD und werden auf Wunsch im CD-Booklet mit Namen genannt.<\/li><li>Ab&nbsp;<strong>250 CHF&nbsp;<\/strong>laden wir Sie zus\u00e4tzlich zu unserem Konzert in der Basler Leonhardskirche am 22. Dezember 2020 ein.<\/li><li>Ab&nbsp;<strong>500 CHF&nbsp;<\/strong>sind Sie ausserdem zur exklusiven CD-Taufe mit den Musikern und Andrea Marcon eingeladen.<\/li><\/ul>\n\n\n\n<p class=\"has-text-align-left\">Selbstverst\u00e4ndlich sind alle Beitr\u00e4ge an La Cetra&nbsp;<strong>steuerlich absetzbar<\/strong>.<\/p>\n\n\n\n<p class=\"has-text-align-left\">F\u00fcr Ihre&nbsp;hochgesch\u00e4tzte Unterst\u00fctzung danken wir Ihnen im Namen von Andrea Marcon, aller Musikerinnen und Musiker und der Gesch\u00e4ftsstelle sehr&nbsp;herzlich.&nbsp;<\/p>\n\n\n\n<h4 class=\"wp-block-heading\">Bankverbindung f\u00fcr Ihre Spende:<\/h4>\n\n\n\n<p>Basler Kantonalbank<br>La Cetra Barockorchester Basel<br>CH24 0077 0016 5503 4101 5.<\/p>\n\n\n\n<p><\/p>\n\n\n\n<p><a href=\"https:\/\/lacetra.ch\/zur-vespro-di-natale\/\">Hier finden Sie weitere, detaillierte Informationen zur \u00abVespro di Natale\u00bb<\/a><\/p>\n\n\n\n<figure class=\"wp-block-image size-large is-resized\"><a href=\"https:\/\/lacetra.ch\/zur-vespro-di-natale\/\"><img loading=\"lazy\" decoding=\"async\" src=\"https:\/\/lacetra.ch\/wp-content\/uploads\/2020\/09\/Vespro16_Tutti2-1400x851.jpg\" alt=\"\" class=\"wp-image-2553\" width=\"439\" height=\"266\" srcset=\"https:\/\/lacetra.ch\/wp-content\/uploads\/2020\/09\/Vespro16_Tutti2-1400x851.jpg 1400w, https:\/\/lacetra.ch\/wp-content\/uploads\/2020\/09\/Vespro16_Tutti2-800x486.jpg 800w, https:\/\/lacetra.ch\/wp-content\/uploads\/2020\/09\/Vespro16_Tutti2-400x243.jpg 400w, https:\/\/lacetra.ch\/wp-content\/uploads\/2020\/09\/Vespro16_Tutti2-768x467.jpg 768w, https:\/\/lacetra.ch\/wp-content\/uploads\/2020\/09\/Vespro16_Tutti2-1600x973.jpg 1600w, https:\/\/lacetra.ch\/wp-content\/uploads\/2020\/09\/Vespro16_Tutti2-1536x934.jpg 1536w, https:\/\/lacetra.ch\/wp-content\/uploads\/2020\/09\/Vespro16_Tutti2-2048x1245.jpg 2048w\" sizes=\"auto, (max-width: 439px) 100vw, 439px\" \/><\/a><figcaption>Vespro di Natale &#8211; Leonhardskirche Basel 2017<\/figcaption><\/figure>\n\n\n\n<p>Wir danken der Sulger-Stiftung f\u00fcr die grossz\u00fcgige Unterst\u00fctzung dieses Projekts.<\/p>\n\n\n\n<figure class=\"wp-block-image size-large is-resized\"><img loading=\"lazy\" decoding=\"async\" src=\"https:\/\/lacetra.ch\/wp-content\/uploads\/2020\/06\/Sulger-Stiftung_Trans.png\" alt=\"\" class=\"wp-image-1045\" width=\"240\" height=\"25\" srcset=\"https:\/\/lacetra.ch\/wp-content\/uploads\/2020\/06\/Sulger-Stiftung_Trans.png 622w, https:\/\/lacetra.ch\/wp-content\/uploads\/2020\/06\/Sulger-Stiftung_Trans-400x44.png 400w\" sizes=\"auto, (max-width: 240px) 100vw, 240px\" \/><\/figure>\n<\/div>\n<\/div>\n\n\n\n<p><\/p>\n","protected":false},"excerpt":{"rendered":"<p>Verehrte Freunde von La Cetra! Nun ist es endlich soweit: Andrea Marcon und La Cetra nehmen im August 2021 (urspr\u00fcnglich Dezember 2020, musste verschoben werden wegen Covid19-Pandemie, mehr dazu hier) die \u00abVespro di Natale\u00bb auf CD auf.\u00a0Lassen Sie sich verzaubern durch den strahlenden Klang von Barockposaunen, Zinken, Streichern und dem gross besetzten La Cetra Vokalensemble. [&hellip;]<\/p>\n","protected":false},"author":2,"featured_media":0,"parent":0,"menu_order":100,"comment_status":"closed","ping_status":"closed","template":"","meta":{"_acf_changed":false,"inline_featured_image":false,"footnotes":""},"categories":[],"class_list":["post-2485","page","type-page","status-publish","hentry"],"acf":[],"yoast_head":"<!-- This site is optimized with the Yoast SEO plugin v27.1.1 - https:\/\/yoast.com\/product\/yoast-seo-wordpress\/ -->\n<title>CD-Aufnahme \u00abVespro di Natale\u00bb &#187; La Cetra<\/title>\n<meta name=\"robots\" content=\"index, follow, max-snippet:-1, max-image-preview:large, max-video-preview:-1\" \/>\n<link rel=\"canonical\" href=\"https:\/\/lacetra.ch\/en\/vespro-aufnahme\/\" \/>\n<meta property=\"og:locale\" content=\"en_US\" \/>\n<meta property=\"og:type\" content=\"article\" \/>\n<meta property=\"og:title\" content=\"CD-Aufnahme \u00abVespro di Natale\u00bb &#187; La Cetra\" \/>\n<meta property=\"og:description\" content=\"Verehrte Freunde von La Cetra! Nun ist es endlich soweit: Andrea Marcon und La Cetra nehmen im August 2021 (urspr\u00fcnglich Dezember 2020, musste verschoben werden wegen Covid19-Pandemie, mehr dazu hier) die \u00abVespro di Natale\u00bb auf CD auf.\u00a0Lassen Sie sich verzaubern durch den strahlenden Klang von Barockposaunen, Zinken, Streichern und dem gross besetzten La Cetra Vokalensemble. [&hellip;]\" \/>\n<meta property=\"og:url\" content=\"https:\/\/lacetra.ch\/en\/vespro-aufnahme\/\" \/>\n<meta property=\"og:site_name\" content=\"La Cetra\" \/>\n<meta property=\"article:publisher\" content=\"https:\/\/www.facebook.com\/lacetrabasel\" \/>\n<meta property=\"article:modified_time\" content=\"2022-10-19T13:38:25+00:00\" \/>\n<meta property=\"og:image\" content=\"https:\/\/lacetra.ch\/wp-content\/uploads\/2020\/09\/Vespro-Fundraising-987x1400.png\" \/>\n<meta name=\"twitter:card\" content=\"summary_large_image\" \/>\n<meta name=\"twitter:site\" content=\"@LaCetraBasel\" \/>\n<meta name=\"twitter:label1\" content=\"Est. reading time\" \/>\n\t<meta name=\"twitter:data1\" content=\"3 minutes\" \/>\n<script type=\"application\/ld+json\" class=\"yoast-schema-graph\">{\"@context\":\"https:\/\/schema.org\",\"@graph\":[{\"@type\":\"WebPage\",\"@id\":\"https:\/\/lacetra.ch\/en\/vespro-aufnahme\/\",\"url\":\"https:\/\/lacetra.ch\/en\/vespro-aufnahme\/\",\"name\":\"CD-Aufnahme \u00abVespro di Natale\u00bb &#187; La Cetra\",\"isPartOf\":{\"@id\":\"https:\/\/lacetra.ch\/en\/#website\"},\"primaryImageOfPage\":{\"@id\":\"https:\/\/lacetra.ch\/en\/vespro-aufnahme\/#primaryimage\"},\"image\":{\"@id\":\"https:\/\/lacetra.ch\/en\/vespro-aufnahme\/#primaryimage\"},\"thumbnailUrl\":\"https:\/\/lacetra.ch\/wp-content\/uploads\/2020\/09\/Vespro-Fundraising-987x1400.png\",\"datePublished\":\"2020-09-02T13:26:27+00:00\",\"dateModified\":\"2022-10-19T13:38:25+00:00\",\"breadcrumb\":{\"@id\":\"https:\/\/lacetra.ch\/en\/vespro-aufnahme\/#breadcrumb\"},\"inLanguage\":\"en-US\",\"potentialAction\":[{\"@type\":\"ReadAction\",\"target\":[\"https:\/\/lacetra.ch\/en\/vespro-aufnahme\/\"]}]},{\"@type\":\"ImageObject\",\"inLanguage\":\"en-US\",\"@id\":\"https:\/\/lacetra.ch\/en\/vespro-aufnahme\/#primaryimage\",\"url\":\"https:\/\/lacetra.ch\/wp-content\/uploads\/2020\/09\/Vespro-Fundraising-987x1400.png\",\"contentUrl\":\"https:\/\/lacetra.ch\/wp-content\/uploads\/2020\/09\/Vespro-Fundraising-987x1400.png\"},{\"@type\":\"BreadcrumbList\",\"@id\":\"https:\/\/lacetra.ch\/en\/vespro-aufnahme\/#breadcrumb\",\"itemListElement\":[{\"@type\":\"ListItem\",\"position\":1,\"name\":\"Startseite\",\"item\":\"https:\/\/lacetra.ch\/en\/home\/\"},{\"@type\":\"ListItem\",\"position\":2,\"name\":\"CD-Aufnahme \u00abVespro di Natale\u00bb\"}]},{\"@type\":\"WebSite\",\"@id\":\"https:\/\/lacetra.ch\/en\/#website\",\"url\":\"https:\/\/lacetra.ch\/en\/\",\"name\":\"La Cetra\",\"description\":\"Barockorchester &amp; Vokalensemble Basel\",\"publisher\":{\"@id\":\"https:\/\/lacetra.ch\/en\/#organization\"},\"potentialAction\":[{\"@type\":\"SearchAction\",\"target\":{\"@type\":\"EntryPoint\",\"urlTemplate\":\"https:\/\/lacetra.ch\/en\/?s={search_term_string}\"},\"query-input\":{\"@type\":\"PropertyValueSpecification\",\"valueRequired\":true,\"valueName\":\"search_term_string\"}}],\"inLanguage\":\"en-US\"},{\"@type\":\"Organization\",\"@id\":\"https:\/\/lacetra.ch\/en\/#organization\",\"name\":\"La Cetra Barockorchester Basel\",\"url\":\"https:\/\/lacetra.ch\/en\/\",\"logo\":{\"@type\":\"ImageObject\",\"inLanguage\":\"en-US\",\"@id\":\"https:\/\/lacetra.ch\/en\/#\/schema\/logo\/image\/\",\"url\":\"https:\/\/lacetra.ch\/wp-content\/uploads\/2020\/04\/LaCetra_Logo_BV.svg\",\"contentUrl\":\"https:\/\/lacetra.ch\/wp-content\/uploads\/2020\/04\/LaCetra_Logo_BV.svg\",\"width\":\"1400\",\"height\":\"1400\",\"caption\":\"La Cetra Barockorchester Basel\"},\"image\":{\"@id\":\"https:\/\/lacetra.ch\/en\/#\/schema\/logo\/image\/\"},\"sameAs\":[\"https:\/\/www.facebook.com\/lacetrabasel\",\"https:\/\/x.com\/LaCetraBasel\",\"https:\/\/www.instagram.com\/lacetrabasel\/\"]}]}<\/script>\n<!-- \/ Yoast SEO plugin. -->","yoast_head_json":{"title":"CD-Aufnahme \u00abVespro di Natale\u00bb &#187; La Cetra","robots":{"index":"index","follow":"follow","max-snippet":"max-snippet:-1","max-image-preview":"max-image-preview:large","max-video-preview":"max-video-preview:-1"},"canonical":"https:\/\/lacetra.ch\/en\/vespro-aufnahme\/","og_locale":"en_US","og_type":"article","og_title":"CD-Aufnahme \u00abVespro di Natale\u00bb &#187; La Cetra","og_description":"Verehrte Freunde von La Cetra! Nun ist es endlich soweit: Andrea Marcon und La Cetra nehmen im August 2021 (urspr\u00fcnglich Dezember 2020, musste verschoben werden wegen Covid19-Pandemie, mehr dazu hier) die \u00abVespro di Natale\u00bb auf CD auf.\u00a0Lassen Sie sich verzaubern durch den strahlenden Klang von Barockposaunen, Zinken, Streichern und dem gross besetzten La Cetra Vokalensemble. [&hellip;]","og_url":"https:\/\/lacetra.ch\/en\/vespro-aufnahme\/","og_site_name":"La Cetra","article_publisher":"https:\/\/www.facebook.com\/lacetrabasel","article_modified_time":"2022-10-19T13:38:25+00:00","og_image":[{"url":"https:\/\/lacetra.ch\/wp-content\/uploads\/2020\/09\/Vespro-Fundraising-987x1400.png","type":"","width":"","height":""}],"twitter_card":"summary_large_image","twitter_site":"@LaCetraBasel","twitter_misc":{"Est. reading time":"3 minutes"},"schema":{"@context":"https:\/\/schema.org","@graph":[{"@type":"WebPage","@id":"https:\/\/lacetra.ch\/en\/vespro-aufnahme\/","url":"https:\/\/lacetra.ch\/en\/vespro-aufnahme\/","name":"CD-Aufnahme \u00abVespro di Natale\u00bb &#187; La Cetra","isPartOf":{"@id":"https:\/\/lacetra.ch\/en\/#website"},"primaryImageOfPage":{"@id":"https:\/\/lacetra.ch\/en\/vespro-aufnahme\/#primaryimage"},"image":{"@id":"https:\/\/lacetra.ch\/en\/vespro-aufnahme\/#primaryimage"},"thumbnailUrl":"https:\/\/lacetra.ch\/wp-content\/uploads\/2020\/09\/Vespro-Fundraising-987x1400.png","datePublished":"2020-09-02T13:26:27+00:00","dateModified":"2022-10-19T13:38:25+00:00","breadcrumb":{"@id":"https:\/\/lacetra.ch\/en\/vespro-aufnahme\/#breadcrumb"},"inLanguage":"en-US","potentialAction":[{"@type":"ReadAction","target":["https:\/\/lacetra.ch\/en\/vespro-aufnahme\/"]}]},{"@type":"ImageObject","inLanguage":"en-US","@id":"https:\/\/lacetra.ch\/en\/vespro-aufnahme\/#primaryimage","url":"https:\/\/lacetra.ch\/wp-content\/uploads\/2020\/09\/Vespro-Fundraising-987x1400.png","contentUrl":"https:\/\/lacetra.ch\/wp-content\/uploads\/2020\/09\/Vespro-Fundraising-987x1400.png"},{"@type":"BreadcrumbList","@id":"https:\/\/lacetra.ch\/en\/vespro-aufnahme\/#breadcrumb","itemListElement":[{"@type":"ListItem","position":1,"name":"Startseite","item":"https:\/\/lacetra.ch\/en\/home\/"},{"@type":"ListItem","position":2,"name":"CD-Aufnahme \u00abVespro di Natale\u00bb"}]},{"@type":"WebSite","@id":"https:\/\/lacetra.ch\/en\/#website","url":"https:\/\/lacetra.ch\/en\/","name":"La Cetra","description":"Barockorchester &amp; Vokalensemble Basel","publisher":{"@id":"https:\/\/lacetra.ch\/en\/#organization"},"potentialAction":[{"@type":"SearchAction","target":{"@type":"EntryPoint","urlTemplate":"https:\/\/lacetra.ch\/en\/?s={search_term_string}"},"query-input":{"@type":"PropertyValueSpecification","valueRequired":true,"valueName":"search_term_string"}}],"inLanguage":"en-US"},{"@type":"Organization","@id":"https:\/\/lacetra.ch\/en\/#organization","name":"La Cetra Barockorchester Basel","url":"https:\/\/lacetra.ch\/en\/","logo":{"@type":"ImageObject","inLanguage":"en-US","@id":"https:\/\/lacetra.ch\/en\/#\/schema\/logo\/image\/","url":"https:\/\/lacetra.ch\/wp-content\/uploads\/2020\/04\/LaCetra_Logo_BV.svg","contentUrl":"https:\/\/lacetra.ch\/wp-content\/uploads\/2020\/04\/LaCetra_Logo_BV.svg","width":"1400","height":"1400","caption":"La Cetra Barockorchester Basel"},"image":{"@id":"https:\/\/lacetra.ch\/en\/#\/schema\/logo\/image\/"},"sameAs":["https:\/\/www.facebook.com\/lacetrabasel","https:\/\/x.com\/LaCetraBasel","https:\/\/www.instagram.com\/lacetrabasel\/"]}]}},"_links":{"self":[{"href":"https:\/\/lacetra.ch\/en\/wp-json\/wp\/v2\/pages\/2485","targetHints":{"allow":["GET"]}}],"collection":[{"href":"https:\/\/lacetra.ch\/en\/wp-json\/wp\/v2\/pages"}],"about":[{"href":"https:\/\/lacetra.ch\/en\/wp-json\/wp\/v2\/types\/page"}],"author":[{"embeddable":true,"href":"https:\/\/lacetra.ch\/en\/wp-json\/wp\/v2\/users\/2"}],"replies":[{"embeddable":true,"href":"https:\/\/lacetra.ch\/en\/wp-json\/wp\/v2\/comments?post=2485"}],"version-history":[{"count":38,"href":"https:\/\/lacetra.ch\/en\/wp-json\/wp\/v2\/pages\/2485\/revisions"}],"predecessor-version":[{"id":5759,"href":"https:\/\/lacetra.ch\/en\/wp-json\/wp\/v2\/pages\/2485\/revisions\/5759"}],"wp:attachment":[{"href":"https:\/\/lacetra.ch\/en\/wp-json\/wp\/v2\/media?parent=2485"}],"wp:term":[{"taxonomy":"category","embeddable":true,"href":"https:\/\/lacetra.ch\/en\/wp-json\/wp\/v2\/categories?post=2485"}],"curies":[{"name":"wp","href":"https:\/\/api.w.org\/{rel}","templated":true}]}}