{"id":10791,"date":"2024-03-15T12:04:55","date_gmt":"2024-03-15T11:04:55","guid":{"rendered":"https:\/\/lacetra.ch\/?page_id=10791"},"modified":"2025-07-16T14:32:46","modified_gmt":"2025-07-16T12:32:46","slug":"mitsing-messiah","status":"publish","type":"page","link":"https:\/\/lacetra.ch\/en\/vermittlung\/mitsing-messiah\/","title":{"rendered":"Mitsing-Messiah am Sonntag, 25. Mai 2025 im Stadtcasino Basel, Leitung Ivor Bolton"},"content":{"rendered":"\n<figure class=\"wp-block-image size-large\"><img loading=\"lazy\" decoding=\"async\" width=\"1400\" height=\"933\" src=\"https:\/\/lacetra.ch\/wp-content\/uploads\/2024\/10\/DCP_2087_Tutti-ohne-Kinder-1400x933.jpg\" alt=\"\" class=\"wp-image-13178\" srcset=\"https:\/\/lacetra.ch\/wp-content\/uploads\/2024\/10\/DCP_2087_Tutti-ohne-Kinder-1400x933.jpg 1400w, https:\/\/lacetra.ch\/wp-content\/uploads\/2024\/10\/DCP_2087_Tutti-ohne-Kinder-800x533.jpg 800w, https:\/\/lacetra.ch\/wp-content\/uploads\/2024\/10\/DCP_2087_Tutti-ohne-Kinder-400x267.jpg 400w, https:\/\/lacetra.ch\/wp-content\/uploads\/2024\/10\/DCP_2087_Tutti-ohne-Kinder-768x512.jpg 768w, https:\/\/lacetra.ch\/wp-content\/uploads\/2024\/10\/DCP_2087_Tutti-ohne-Kinder-50x33.jpg 50w, https:\/\/lacetra.ch\/wp-content\/uploads\/2024\/10\/DCP_2087_Tutti-ohne-Kinder-1600x1067.jpg 1600w, https:\/\/lacetra.ch\/wp-content\/uploads\/2024\/10\/DCP_2087_Tutti-ohne-Kinder-1536x1024.jpg 1536w, https:\/\/lacetra.ch\/wp-content\/uploads\/2024\/10\/DCP_2087_Tutti-ohne-Kinder-2048x1365.jpg 2048w\" sizes=\"auto, (max-width: 1400px) 100vw, 1400px\" \/><\/figure>\n\n\n\n<p>Zum Abschluss der Jubil\u00e4umssaison laden wir wieder zu unserem \u00abMitsing-Messiah\u00bb, den wir seit 2010 mit grosser Begeisterung organisieren.&nbsp;Seit 2012 fu\u0308hrt La Cetra mit grossem Erfolg den Messiah als \u00abOratorium zum Mitsingen\u00bb durch, letztmals 2022 mit u\u0308ber 150 Laiensa\u0308ngerinnen und -sa\u0308ngern aus Basel und Umgebung sowie erstmals mit zwei Schulcho\u0308ren. La Cetra knu\u0308pft damit an eine aus dem englischen und amerikanischen Raum stammende beliebte Tradition an: Beim Oratorium gesellt sich ein grosser Laienchor zum professionellen Chor und Orchester. Unmittelbar la\u0308sst sich erfahren, wie La Cetras Begeisterung fu\u0308r Musik aus dem Konzertraum in den Alltag hinu\u0308berschwappt und viele Menschen auch jenseits der eigentlichen Auffu\u0308hrung mit Lebensfreude und positiven Emotionen erfu\u0308llt.<\/p>\n\n\n\n<p>In der Jubila\u0308umssaison konnten wir dafu\u0308r den Dirigenten des Sinfonieorchesters Basel, Ivor Bolton, gewinnen, der Basel im Juni 2025 verlassen wird.&nbsp;Auch die quirligen Superar-Chorkinder werden das Stadtcasino wieder aufmischen\u2026<\/p>\n\n\n\n<h2 class=\"wp-block-heading\"><strong>Lust, einmal mit La Cetra zu singen? <\/strong><\/h2>\n\n\n\n<p>Die Mits\u00e4nger*innen bereiten sich in mehreren Proben ernsthaft auf das Projekt vor \u2013 aber keine Angst, wir stehen mit Rat und Tat zur Seite, und Vorkenntnisse sind nicht erforderlich. <br><strong>Die Teilnahmevoraussetzungen sind einfach: <\/strong>Sie haben Spass am Singen und m\u00f6chten gerne den \u00abMessiah\u00bb mit den Weltklassemusiker*innen von La Cetra, herausragenden Solist*innen und erstmals unter der Leitung von Ivor Bolton singen? Alleine, mit Freunden, als Familie oder Paar, ob als \u00abalter Hase\u00bb oder als Neuling &#8211; wir freuen uns sehr auf Ihre Anmeldung! Bitte geben Sie bei der Anmeldung die entsprechende Stimmlage an. <br>Wir freuen uns immer \u00fcber neue Gesichter und Stimmen!<\/p>\n\n\n\n<p>Anmeldung unter&nbsp;<a href=\"mailto:mitsingen@lacetra.ch\">mitsingen@lacetra.ch<\/a>&nbsp;oder telefonisch unter 061 205 33 55<\/p>\n\n\n\n<h2 class=\"wp-block-heading\"><strong>Probentermine f\u00fcr die Mits\u00e4ngerinnen und Mits\u00e4nger:<\/strong><\/h2>\n\n\n\n<p>Es wird zwei Vorproben geben, die von unserem Maestro del coro Federico Sep\u00falveda geleitet werden.&nbsp;Wir empfehlen w\u00e4rmstens, zumindest eine der beiden Vorproben wahrzunehmen. <br><strong>Die Tutti-Probe und die Generalprobe sind verpflichtend.<\/strong><\/p>\n\n\n\n<p><strong>Vorprobe 1<\/strong>: Donnerstag, 15. Mai, 19-22 Uhr; nur Laienchor, Leitung Federico Sep\u00falveda<br><strong>Vorprobe 2<\/strong>: Donnerstag, 22. Mai, 19-22 Uhr; nur Laienchor, Leitung Federico Sep\u00falveda<br><strong>Tutti-Probe: <\/strong>Samstag, 24. Mai, 14:30-17:30 Uhr, Tutti-Probe mit La Cetra Barockorchester &amp; Vokalensemble, Solisten und Laienchor; Leitung: Ivor Bolton<br><strong>Generalprobe:<\/strong> Sonntag, 25. Mai, 11-14 Uhr: Leitung Ivor Bolton, Stadtcasino Basel<br><strong>Konzert:<\/strong> Sonntag, 25. Mai, 17 Uhr, Stadtcasino Basel<\/p>\n\n\n\n<p><strong>Partien des Mits\u00e4nger*innen-Chors<\/strong>:<\/p>\n\n\n\n<p>Wir empfehlen die <strong>B\u00e4renreiter-Notenausgabe <\/strong>des \u00abMessiah\u00bb in englischer Sprache.<br>Vom Mits\u00e4nger*innen-Chor werden nicht alle Teile gesungen. In&nbsp;<a href=\"https:\/\/442hz.com\/nl\/pub\/rdc\/gsQrgg\/Hvn\/ClDiHghrgqL2ABcDY1VGr\" target=\"_blank\" rel=\"noreferrer noopener\">dieser Liste<\/a>&nbsp;sind die Nummern bzw. Taktzahlen angegeben, welche gesungen werden.<\/p>\n\n\n\n<p>F\u00fcr Erwachsene wird ein Unkostenbeitrag von 60 CHF erhoben. Kinder, Jugendliche und Erwachsene in Ausbildung sind kostenlos. <br>Falls Sie gerne mitsingen m\u00f6chten, aber der Unkostenbeitrag dem im Wege steht, melden Sie sich bitte  unter mitsingen@lacetra.ch &#8211; hierf\u00fcr lassen sich sicherlich L\u00f6sungen finden.<\/p>\n\n\n\n<p>Zur Konzertseite und den Tickets geht es <a href=\"https:\/\/lacetra.ch\/konzerte\/messiah-4\/\">hier entlang.<\/a><\/p>\n\n\n\n<p>Mit freundlicher Unterst\u00fctzung des Rotary Club Basel<\/p>\n\n\n\n<div class=\"wp-block-columns is-layout-flex wp-container-core-columns-is-layout-9d6595d7 wp-block-columns-is-layout-flex\">\n<div class=\"wp-block-column is-layout-flow wp-block-column-is-layout-flow\">\n<figure class=\"wp-block-image size-large\"><img loading=\"lazy\" decoding=\"async\" width=\"1400\" height=\"933\" src=\"https:\/\/lacetra.ch\/wp-content\/uploads\/2024\/10\/DCP_2211_Mitsaenger-1400x933.jpg\" alt=\"\" class=\"wp-image-13185\" srcset=\"https:\/\/lacetra.ch\/wp-content\/uploads\/2024\/10\/DCP_2211_Mitsaenger-1400x933.jpg 1400w, https:\/\/lacetra.ch\/wp-content\/uploads\/2024\/10\/DCP_2211_Mitsaenger-800x533.jpg 800w, https:\/\/lacetra.ch\/wp-content\/uploads\/2024\/10\/DCP_2211_Mitsaenger-400x267.jpg 400w, https:\/\/lacetra.ch\/wp-content\/uploads\/2024\/10\/DCP_2211_Mitsaenger-768x512.jpg 768w, https:\/\/lacetra.ch\/wp-content\/uploads\/2024\/10\/DCP_2211_Mitsaenger-50x33.jpg 50w, https:\/\/lacetra.ch\/wp-content\/uploads\/2024\/10\/DCP_2211_Mitsaenger-1600x1067.jpg 1600w, https:\/\/lacetra.ch\/wp-content\/uploads\/2024\/10\/DCP_2211_Mitsaenger-1536x1024.jpg 1536w, https:\/\/lacetra.ch\/wp-content\/uploads\/2024\/10\/DCP_2211_Mitsaenger-2048x1365.jpg 2048w\" sizes=\"auto, (max-width: 1400px) 100vw, 1400px\" \/><\/figure>\n<\/div>\n\n\n\n<div class=\"wp-block-column is-layout-flow wp-block-column-is-layout-flow\">\n<figure class=\"wp-block-image size-large\"><img loading=\"lazy\" decoding=\"async\" width=\"1400\" height=\"933\" src=\"https:\/\/lacetra.ch\/wp-content\/uploads\/2024\/10\/DCP_2001_VE-1400x933.jpg\" alt=\"\" class=\"wp-image-13187\" srcset=\"https:\/\/lacetra.ch\/wp-content\/uploads\/2024\/10\/DCP_2001_VE-1400x933.jpg 1400w, https:\/\/lacetra.ch\/wp-content\/uploads\/2024\/10\/DCP_2001_VE-800x533.jpg 800w, https:\/\/lacetra.ch\/wp-content\/uploads\/2024\/10\/DCP_2001_VE-400x267.jpg 400w, https:\/\/lacetra.ch\/wp-content\/uploads\/2024\/10\/DCP_2001_VE-768x512.jpg 768w, https:\/\/lacetra.ch\/wp-content\/uploads\/2024\/10\/DCP_2001_VE-50x33.jpg 50w, https:\/\/lacetra.ch\/wp-content\/uploads\/2024\/10\/DCP_2001_VE-1600x1067.jpg 1600w, https:\/\/lacetra.ch\/wp-content\/uploads\/2024\/10\/DCP_2001_VE-1536x1024.jpg 1536w, https:\/\/lacetra.ch\/wp-content\/uploads\/2024\/10\/DCP_2001_VE-2048x1365.jpg 2048w\" sizes=\"auto, (max-width: 1400px) 100vw, 1400px\" \/><\/figure>\n<\/div>\n<\/div>\n","protected":false},"excerpt":{"rendered":"<p>Zum Abschluss der Jubil\u00e4umssaison laden wir wieder zu unserem \u00abMitsing-Messiah\u00bb, den wir seit 2010 mit grosser Begeisterung organisieren.&nbsp;Seit 2012 fu\u0308hrt La Cetra mit grossem Erfolg den Messiah als \u00abOratorium zum Mitsingen\u00bb durch, letztmals 2022 mit u\u0308ber 150 Laiensa\u0308ngerinnen und -sa\u0308ngern aus Basel und Umgebung sowie erstmals mit zwei Schulcho\u0308ren. La Cetra knu\u0308pft damit an eine [&hellip;]<\/p>\n","protected":false},"author":2,"featured_media":14323,"parent":10786,"menu_order":1,"comment_status":"closed","ping_status":"closed","template":"page-narrow.php","meta":{"_acf_changed":false,"inline_featured_image":false,"footnotes":""},"categories":[28],"class_list":["post-10791","page","type-page","status-publish","has-post-thumbnail","hentry","category-vermittlungsprojekte-archiv"],"acf":[],"yoast_head":"<!-- This site is optimized with the Yoast SEO plugin v27.1.1 - https:\/\/yoast.com\/product\/yoast-seo-wordpress\/ -->\n<title>Mitsing-Messiah am Sonntag, 25. Mai 2025 im Stadtcasino Basel, Leitung Ivor Bolton &#187; La Cetra<\/title>\n<meta name=\"robots\" content=\"index, follow, max-snippet:-1, max-image-preview:large, max-video-preview:-1\" \/>\n<link rel=\"canonical\" href=\"https:\/\/lacetra.ch\/en\/vermittlung\/mitsing-messiah\/\" \/>\n<meta property=\"og:locale\" content=\"en_US\" \/>\n<meta property=\"og:type\" content=\"article\" \/>\n<meta property=\"og:title\" content=\"Mitsing-Messiah am Sonntag, 25. Mai 2025 im Stadtcasino Basel, Leitung Ivor Bolton &#187; La Cetra\" \/>\n<meta property=\"og:description\" content=\"Zum Abschluss der Jubil\u00e4umssaison laden wir wieder zu unserem \u00abMitsing-Messiah\u00bb, den wir seit 2010 mit grosser Begeisterung organisieren.&nbsp;Seit 2012 fu\u0308hrt La Cetra mit grossem Erfolg den Messiah als \u00abOratorium zum Mitsingen\u00bb durch, letztmals 2022 mit u\u0308ber 150 Laiensa\u0308ngerinnen und -sa\u0308ngern aus Basel und Umgebung sowie erstmals mit zwei Schulcho\u0308ren. La Cetra knu\u0308pft damit an eine [&hellip;]\" \/>\n<meta property=\"og:url\" content=\"https:\/\/lacetra.ch\/en\/vermittlung\/mitsing-messiah\/\" \/>\n<meta property=\"og:site_name\" content=\"La Cetra\" \/>\n<meta property=\"article:publisher\" content=\"https:\/\/www.facebook.com\/lacetrabasel\" \/>\n<meta property=\"article:modified_time\" content=\"2025-07-16T12:32:46+00:00\" \/>\n<meta property=\"og:image\" content=\"https:\/\/lacetra.ch\/wp-content\/uploads\/2025\/06\/DCP_2087_Tutti-ohne-Kinder-1400x933-1.jpg\" \/>\n\t<meta property=\"og:image:width\" content=\"1400\" \/>\n\t<meta property=\"og:image:height\" content=\"933\" \/>\n\t<meta property=\"og:image:type\" content=\"image\/jpeg\" \/>\n<meta name=\"twitter:card\" content=\"summary_large_image\" \/>\n<meta name=\"twitter:site\" content=\"@LaCetraBasel\" \/>\n<meta name=\"twitter:label1\" content=\"Est. reading time\" \/>\n\t<meta name=\"twitter:data1\" content=\"4 minutes\" \/>\n<script type=\"application\/ld+json\" class=\"yoast-schema-graph\">{\"@context\":\"https:\/\/schema.org\",\"@graph\":[{\"@type\":\"WebPage\",\"@id\":\"https:\/\/lacetra.ch\/en\/vermittlung\/mitsing-messiah\/\",\"url\":\"https:\/\/lacetra.ch\/en\/vermittlung\/mitsing-messiah\/\",\"name\":\"Mitsing-Messiah am Sonntag, 25. Mai 2025 im Stadtcasino Basel, Leitung Ivor Bolton &#187; La Cetra\",\"isPartOf\":{\"@id\":\"https:\/\/lacetra.ch\/en\/#website\"},\"primaryImageOfPage\":{\"@id\":\"https:\/\/lacetra.ch\/en\/vermittlung\/mitsing-messiah\/#primaryimage\"},\"image\":{\"@id\":\"https:\/\/lacetra.ch\/en\/vermittlung\/mitsing-messiah\/#primaryimage\"},\"thumbnailUrl\":\"https:\/\/lacetra.ch\/wp-content\/uploads\/2025\/06\/DCP_2087_Tutti-ohne-Kinder-1400x933-1.jpg\",\"datePublished\":\"2024-03-15T11:04:55+00:00\",\"dateModified\":\"2025-07-16T12:32:46+00:00\",\"breadcrumb\":{\"@id\":\"https:\/\/lacetra.ch\/en\/vermittlung\/mitsing-messiah\/#breadcrumb\"},\"inLanguage\":\"en-US\",\"potentialAction\":[{\"@type\":\"ReadAction\",\"target\":[\"https:\/\/lacetra.ch\/en\/vermittlung\/mitsing-messiah\/\"]}]},{\"@type\":\"ImageObject\",\"inLanguage\":\"en-US\",\"@id\":\"https:\/\/lacetra.ch\/en\/vermittlung\/mitsing-messiah\/#primaryimage\",\"url\":\"https:\/\/lacetra.ch\/wp-content\/uploads\/2025\/06\/DCP_2087_Tutti-ohne-Kinder-1400x933-1.jpg\",\"contentUrl\":\"https:\/\/lacetra.ch\/wp-content\/uploads\/2025\/06\/DCP_2087_Tutti-ohne-Kinder-1400x933-1.jpg\",\"width\":1400,\"height\":933},{\"@type\":\"BreadcrumbList\",\"@id\":\"https:\/\/lacetra.ch\/en\/vermittlung\/mitsing-messiah\/#breadcrumb\",\"itemListElement\":[{\"@type\":\"ListItem\",\"position\":1,\"name\":\"Startseite\",\"item\":\"https:\/\/lacetra.ch\/en\/home\/\"},{\"@type\":\"ListItem\",\"position\":2,\"name\":\"Vermittlung\",\"item\":\"https:\/\/lacetra.ch\/en\/vermittlung\/\"},{\"@type\":\"ListItem\",\"position\":3,\"name\":\"Mitsing-Messiah am Sonntag, 25. Mai 2025 im Stadtcasino Basel, Leitung Ivor Bolton\"}]},{\"@type\":\"WebSite\",\"@id\":\"https:\/\/lacetra.ch\/en\/#website\",\"url\":\"https:\/\/lacetra.ch\/en\/\",\"name\":\"La Cetra\",\"description\":\"Barockorchester &amp; Vokalensemble Basel\",\"publisher\":{\"@id\":\"https:\/\/lacetra.ch\/en\/#organization\"},\"potentialAction\":[{\"@type\":\"SearchAction\",\"target\":{\"@type\":\"EntryPoint\",\"urlTemplate\":\"https:\/\/lacetra.ch\/en\/?s={search_term_string}\"},\"query-input\":{\"@type\":\"PropertyValueSpecification\",\"valueRequired\":true,\"valueName\":\"search_term_string\"}}],\"inLanguage\":\"en-US\"},{\"@type\":\"Organization\",\"@id\":\"https:\/\/lacetra.ch\/en\/#organization\",\"name\":\"La Cetra Barockorchester Basel\",\"url\":\"https:\/\/lacetra.ch\/en\/\",\"logo\":{\"@type\":\"ImageObject\",\"inLanguage\":\"en-US\",\"@id\":\"https:\/\/lacetra.ch\/en\/#\/schema\/logo\/image\/\",\"url\":\"https:\/\/lacetra.ch\/wp-content\/uploads\/2020\/04\/LaCetra_Logo_BV.svg\",\"contentUrl\":\"https:\/\/lacetra.ch\/wp-content\/uploads\/2020\/04\/LaCetra_Logo_BV.svg\",\"width\":\"1400\",\"height\":\"1400\",\"caption\":\"La Cetra Barockorchester Basel\"},\"image\":{\"@id\":\"https:\/\/lacetra.ch\/en\/#\/schema\/logo\/image\/\"},\"sameAs\":[\"https:\/\/www.facebook.com\/lacetrabasel\",\"https:\/\/x.com\/LaCetraBasel\",\"https:\/\/www.instagram.com\/lacetrabasel\/\"]}]}<\/script>\n<!-- \/ Yoast SEO plugin. -->","yoast_head_json":{"title":"Mitsing-Messiah am Sonntag, 25. Mai 2025 im Stadtcasino Basel, Leitung Ivor Bolton &#187; La Cetra","robots":{"index":"index","follow":"follow","max-snippet":"max-snippet:-1","max-image-preview":"max-image-preview:large","max-video-preview":"max-video-preview:-1"},"canonical":"https:\/\/lacetra.ch\/en\/vermittlung\/mitsing-messiah\/","og_locale":"en_US","og_type":"article","og_title":"Mitsing-Messiah am Sonntag, 25. Mai 2025 im Stadtcasino Basel, Leitung Ivor Bolton &#187; La Cetra","og_description":"Zum Abschluss der Jubil\u00e4umssaison laden wir wieder zu unserem \u00abMitsing-Messiah\u00bb, den wir seit 2010 mit grosser Begeisterung organisieren.&nbsp;Seit 2012 fu\u0308hrt La Cetra mit grossem Erfolg den Messiah als \u00abOratorium zum Mitsingen\u00bb durch, letztmals 2022 mit u\u0308ber 150 Laiensa\u0308ngerinnen und -sa\u0308ngern aus Basel und Umgebung sowie erstmals mit zwei Schulcho\u0308ren. La Cetra knu\u0308pft damit an eine [&hellip;]","og_url":"https:\/\/lacetra.ch\/en\/vermittlung\/mitsing-messiah\/","og_site_name":"La Cetra","article_publisher":"https:\/\/www.facebook.com\/lacetrabasel","article_modified_time":"2025-07-16T12:32:46+00:00","og_image":[{"width":1400,"height":933,"url":"https:\/\/lacetra.ch\/wp-content\/uploads\/2025\/06\/DCP_2087_Tutti-ohne-Kinder-1400x933-1.jpg","type":"image\/jpeg"}],"twitter_card":"summary_large_image","twitter_site":"@LaCetraBasel","twitter_misc":{"Est. reading time":"4 minutes"},"schema":{"@context":"https:\/\/schema.org","@graph":[{"@type":"WebPage","@id":"https:\/\/lacetra.ch\/en\/vermittlung\/mitsing-messiah\/","url":"https:\/\/lacetra.ch\/en\/vermittlung\/mitsing-messiah\/","name":"Mitsing-Messiah am Sonntag, 25. Mai 2025 im Stadtcasino Basel, Leitung Ivor Bolton &#187; La Cetra","isPartOf":{"@id":"https:\/\/lacetra.ch\/en\/#website"},"primaryImageOfPage":{"@id":"https:\/\/lacetra.ch\/en\/vermittlung\/mitsing-messiah\/#primaryimage"},"image":{"@id":"https:\/\/lacetra.ch\/en\/vermittlung\/mitsing-messiah\/#primaryimage"},"thumbnailUrl":"https:\/\/lacetra.ch\/wp-content\/uploads\/2025\/06\/DCP_2087_Tutti-ohne-Kinder-1400x933-1.jpg","datePublished":"2024-03-15T11:04:55+00:00","dateModified":"2025-07-16T12:32:46+00:00","breadcrumb":{"@id":"https:\/\/lacetra.ch\/en\/vermittlung\/mitsing-messiah\/#breadcrumb"},"inLanguage":"en-US","potentialAction":[{"@type":"ReadAction","target":["https:\/\/lacetra.ch\/en\/vermittlung\/mitsing-messiah\/"]}]},{"@type":"ImageObject","inLanguage":"en-US","@id":"https:\/\/lacetra.ch\/en\/vermittlung\/mitsing-messiah\/#primaryimage","url":"https:\/\/lacetra.ch\/wp-content\/uploads\/2025\/06\/DCP_2087_Tutti-ohne-Kinder-1400x933-1.jpg","contentUrl":"https:\/\/lacetra.ch\/wp-content\/uploads\/2025\/06\/DCP_2087_Tutti-ohne-Kinder-1400x933-1.jpg","width":1400,"height":933},{"@type":"BreadcrumbList","@id":"https:\/\/lacetra.ch\/en\/vermittlung\/mitsing-messiah\/#breadcrumb","itemListElement":[{"@type":"ListItem","position":1,"name":"Startseite","item":"https:\/\/lacetra.ch\/en\/home\/"},{"@type":"ListItem","position":2,"name":"Vermittlung","item":"https:\/\/lacetra.ch\/en\/vermittlung\/"},{"@type":"ListItem","position":3,"name":"Mitsing-Messiah am Sonntag, 25. Mai 2025 im Stadtcasino Basel, Leitung Ivor Bolton"}]},{"@type":"WebSite","@id":"https:\/\/lacetra.ch\/en\/#website","url":"https:\/\/lacetra.ch\/en\/","name":"La Cetra","description":"Barockorchester &amp; Vokalensemble Basel","publisher":{"@id":"https:\/\/lacetra.ch\/en\/#organization"},"potentialAction":[{"@type":"SearchAction","target":{"@type":"EntryPoint","urlTemplate":"https:\/\/lacetra.ch\/en\/?s={search_term_string}"},"query-input":{"@type":"PropertyValueSpecification","valueRequired":true,"valueName":"search_term_string"}}],"inLanguage":"en-US"},{"@type":"Organization","@id":"https:\/\/lacetra.ch\/en\/#organization","name":"La Cetra Barockorchester Basel","url":"https:\/\/lacetra.ch\/en\/","logo":{"@type":"ImageObject","inLanguage":"en-US","@id":"https:\/\/lacetra.ch\/en\/#\/schema\/logo\/image\/","url":"https:\/\/lacetra.ch\/wp-content\/uploads\/2020\/04\/LaCetra_Logo_BV.svg","contentUrl":"https:\/\/lacetra.ch\/wp-content\/uploads\/2020\/04\/LaCetra_Logo_BV.svg","width":"1400","height":"1400","caption":"La Cetra Barockorchester Basel"},"image":{"@id":"https:\/\/lacetra.ch\/en\/#\/schema\/logo\/image\/"},"sameAs":["https:\/\/www.facebook.com\/lacetrabasel","https:\/\/x.com\/LaCetraBasel","https:\/\/www.instagram.com\/lacetrabasel\/"]}]}},"_links":{"self":[{"href":"https:\/\/lacetra.ch\/en\/wp-json\/wp\/v2\/pages\/10791","targetHints":{"allow":["GET"]}}],"collection":[{"href":"https:\/\/lacetra.ch\/en\/wp-json\/wp\/v2\/pages"}],"about":[{"href":"https:\/\/lacetra.ch\/en\/wp-json\/wp\/v2\/types\/page"}],"author":[{"embeddable":true,"href":"https:\/\/lacetra.ch\/en\/wp-json\/wp\/v2\/users\/2"}],"replies":[{"embeddable":true,"href":"https:\/\/lacetra.ch\/en\/wp-json\/wp\/v2\/comments?post=10791"}],"version-history":[{"count":12,"href":"https:\/\/lacetra.ch\/en\/wp-json\/wp\/v2\/pages\/10791\/revisions"}],"predecessor-version":[{"id":13646,"href":"https:\/\/lacetra.ch\/en\/wp-json\/wp\/v2\/pages\/10791\/revisions\/13646"}],"up":[{"embeddable":true,"href":"https:\/\/lacetra.ch\/en\/wp-json\/wp\/v2\/pages\/10786"}],"wp:featuredmedia":[{"embeddable":true,"href":"https:\/\/lacetra.ch\/en\/wp-json\/wp\/v2\/media\/14323"}],"wp:attachment":[{"href":"https:\/\/lacetra.ch\/en\/wp-json\/wp\/v2\/media?parent=10791"}],"wp:term":[{"taxonomy":"category","embeddable":true,"href":"https:\/\/lacetra.ch\/en\/wp-json\/wp\/v2\/categories?post=10791"}],"curies":[{"name":"wp","href":"https:\/\/api.w.org\/{rel}","templated":true}]}}